{"id":25,"date":"2024-12-17T13:22:44","date_gmt":"2024-12-17T18:22:44","guid":{"rendered":"https:\/\/www.aidscanada.ca\/banque-de-ressources\/"},"modified":"2025-03-24T12:33:12","modified_gmt":"2025-03-24T16:33:12","slug":"banque-de-ressources","status":"publish","type":"page","link":"https:\/\/www.aidscanada.ca\/fr\/banque-de-ressources\/","title":{"rendered":"Banque de ressources"},"content":{"rendered":"\n<p><br>La Banque de ressources du Pavillon du Canada est la plateforme virtuelle h\u00e9bergeant la recherche, les programmes et les politiques canadiennes sur le VIH\/sida afin de souligner la force, l&rsquo;innovation et l&rsquo;engagement de la communaut\u00e9 derri\u00e8re la r\u00e9ponse du Canada au VIH\/sida. Nous y pr\u00e9sentons une vari\u00e9t\u00e9 de ressources : vid\u00e9os, documents scientifiques, trousses d&rsquo;outils, notes d&rsquo;orientation, brochures, fiches d&rsquo;information et bien plus encore! Veuillez choisir l&rsquo;une des six cat\u00e9gories ci-dessous pour commencer!   <\/p>\n\n\n\n<p>La production de cette Banque de ressources a \u00e9t\u00e9 rendue possible gr\u00e2ce au soutien de diverses personnes et organisations ayant partag\u00e9 leur travail dans le domaine du VIH\/sida. Nous remercions toutes les personnes et organisations qui ont contribu\u00e9 \u00e0 la Banque de ressources. <\/p>\n\n\n\n\n\n  <\/div> <!-- ends .narrow-contained -->\n<div class=\"feature-cards-wrapper background-colour-white\">\n        <div class=\"feature-cards\">\n                            <div class=\"feature-card feature-card-background-colour-yellow\">\n                                                    <div class=\"feature-card-content\">\n            <div class=\"feature-card-content-top\">\n                                                <a href=\"https:\/\/www.aidscanada.ca\/fr\/topic\/les-personnes\/\">\n                                  <h3>Les personnes<\/h3>\n                                  <\/a>\n                                          <\/div>\n                          <div class=\"feature-card-content-bottom\">\n                <div class=\"feature-card-text\">\n                  <p style=\"text-align: center;\">Pleins feux sur les gens, nos histoires, nos communaut\u00e9s<\/p>\n\n                <\/div>\n                              <\/div>\n                      <\/div>\n        <\/div>\n                                        <div class=\"feature-card feature-card-background-colour-blue\">\n                                                    <div class=\"feature-card-content\">\n            <div class=\"feature-card-content-top\">\n                                                <a href=\"https:\/\/www.aidscanada.ca\/fr\/topic\/les-politiques\/\">\n                                  <h3>Les politiques<\/h3>\n                                  <\/a>\n                                          <\/div>\n                          <div class=\"feature-card-content-bottom\">\n                <div class=\"feature-card-text\">\n                  <p style=\"text-align: center;\">Les politiques et les initiatives concernant le VIH au Canada<\/p>\n\n                <\/div>\n                              <\/div>\n                      <\/div>\n        <\/div>\n                                        <div class=\"feature-card feature-card-background-colour-red\">\n                                                    <div class=\"feature-card-content\">\n            <div class=\"feature-card-content-top\">\n                                                <a href=\"https:\/\/www.aidscanada.ca\/fr\/topic\/les-programmes\/\">\n                                  <h3>Les programmes<\/h3>\n                                  <\/a>\n                                          <\/div>\n                          <div class=\"feature-card-content-bottom\">\n                <div class=\"feature-card-text\">\n                  <p style=\"text-align: center;\">\nCommunaut\u00e9, soutien et \u00e9ducation par la programmation<\/p>\n\n                <\/div>\n                              <\/div>\n                      <\/div>\n        <\/div>\n                                        <div class=\"feature-card feature-card-background-colour-black\">\n                                                    <div class=\"feature-card-content\">\n            <div class=\"feature-card-content-top\">\n                                                <a href=\"https:\/\/www.aidscanada.ca\/fr\/topic\/a-linternational\/\">\n                                  <h3>\u00c0 l&rsquo;international<\/h3>\n                                  <\/a>\n                                          <\/div>\n                          <div class=\"feature-card-content-bottom\">\n                <div class=\"feature-card-text\">\n                  <p style=\"text-align: center;\">\nL&rsquo;implication canadienne dans la r\u00e9ponse mondiale face au VIH<\/p>\n\n                <\/div>\n                              <\/div>\n                      <\/div>\n        <\/div>\n                                        <div class=\"feature-card feature-card-background-colour-green\">\n                                                    <div class=\"feature-card-content\">\n            <div class=\"feature-card-content-top\">\n                                                <a href=\"https:\/\/www.aidscanada.ca\/fr\/topic\/la-recherche\/\">\n                                  <h3>La recherche<\/h3>\n                                  <\/a>\n                                          <\/div>\n                          <div class=\"feature-card-content-bottom\">\n                <div class=\"feature-card-text\">\n                  <p style=\"text-align: center;\">\nR\u00e9sultats de recherches men\u00e9es par des Canadiens<\/p>\n\n                <\/div>\n                              <\/div>\n                      <\/div>\n        <\/div>\n                        <\/div>\n  <\/div>\n  <div class=\"narrow-contained\">\n\n","protected":false},"excerpt":{"rendered":"<p>La Banque de ressources du Pavillon du Canada est la plateforme virtuelle h\u00e9bergeant la recherche, les programmes et les politiques canadiennes sur le VIH\/sida afin de souligner la force, l&rsquo;innovation et l&rsquo;engagement de la communaut\u00e9 derri\u00e8re la r\u00e9ponse du Canada au VIH\/sida. Nous y pr\u00e9sentons une vari\u00e9t\u00e9 de ressources : vid\u00e9os, documents scientifiques, trousses d&rsquo;outils, [&hellip;]<\/p>\n","protected":false},"author":2,"featured_media":0,"parent":0,"menu_order":0,"comment_status":"closed","ping_status":"closed","template":"","meta":{"_acf_changed":false,"footnotes":""},"class_list":["post-25","page","type-page","status-publish","hentry"],"acf":[],"yoast_head":"<!-- This site is optimized with the Yoast SEO plugin v27.4 - https:\/\/yoast.com\/product\/yoast-seo-wordpress\/ -->\n<title>Banque de ressources - SIDA Canada<\/title>\n<meta name=\"robots\" content=\"index, follow, max-snippet:-1, max-image-preview:large, max-video-preview:-1\" \/>\n<link rel=\"canonical\" href=\"https:\/\/www.aidscanada.ca\/fr\/banque-de-ressources\/\" \/>\n<meta property=\"og:locale\" content=\"fr_FR\" \/>\n<meta property=\"og:type\" content=\"article\" \/>\n<meta property=\"og:title\" content=\"Banque de ressources - SIDA Canada\" \/>\n<meta property=\"og:description\" content=\"La Banque de ressources du Pavillon du Canada est la plateforme virtuelle h\u00e9bergeant la recherche, les programmes et les politiques canadiennes sur le VIH\/sida afin de souligner la force, l&rsquo;innovation et l&rsquo;engagement de la communaut\u00e9 derri\u00e8re la r\u00e9ponse du Canada au VIH\/sida. Nous y pr\u00e9sentons une vari\u00e9t\u00e9 de ressources : vid\u00e9os, documents scientifiques, trousses d&rsquo;outils, [&hellip;]\" \/>\n<meta property=\"og:url\" content=\"https:\/\/www.aidscanada.ca\/fr\/banque-de-ressources\/\" \/>\n<meta property=\"og:site_name\" content=\"SIDA Canada\" \/>\n<meta property=\"article:modified_time\" content=\"2025-03-24T16:33:12+00:00\" \/>\n<meta name=\"twitter:card\" content=\"summary_large_image\" \/>\n<meta name=\"twitter:label1\" content=\"Dur\u00e9e de lecture estim\u00e9e\" \/>\n\t<meta name=\"twitter:data1\" content=\"1 minute\" \/>\n<script type=\"application\/ld+json\" class=\"yoast-schema-graph\">{\"@context\":\"https:\\\/\\\/schema.org\",\"@graph\":[{\"@type\":\"WebPage\",\"@id\":\"https:\\\/\\\/www.aidscanada.ca\\\/fr\\\/banque-de-ressources\\\/\",\"url\":\"https:\\\/\\\/www.aidscanada.ca\\\/fr\\\/banque-de-ressources\\\/\",\"name\":\"Banque de ressources - SIDA Canada\",\"isPartOf\":{\"@id\":\"https:\\\/\\\/www.aidscanada.ca\\\/fr\\\/#website\"},\"datePublished\":\"2024-12-17T18:22:44+00:00\",\"dateModified\":\"2025-03-24T16:33:12+00:00\",\"breadcrumb\":{\"@id\":\"https:\\\/\\\/www.aidscanada.ca\\\/fr\\\/banque-de-ressources\\\/#breadcrumb\"},\"inLanguage\":\"fr-FR\",\"potentialAction\":[{\"@type\":\"ReadAction\",\"target\":[\"https:\\\/\\\/www.aidscanada.ca\\\/fr\\\/banque-de-ressources\\\/\"]}]},{\"@type\":\"BreadcrumbList\",\"@id\":\"https:\\\/\\\/www.aidscanada.ca\\\/fr\\\/banque-de-ressources\\\/#breadcrumb\",\"itemListElement\":[{\"@type\":\"ListItem\",\"position\":1,\"name\":\"Accueil\",\"item\":\"https:\\\/\\\/www.aidscanada.ca\\\/fr\\\/\"},{\"@type\":\"ListItem\",\"position\":2,\"name\":\"Banque de ressources\"}]},{\"@type\":\"WebSite\",\"@id\":\"https:\\\/\\\/www.aidscanada.ca\\\/fr\\\/#website\",\"url\":\"https:\\\/\\\/www.aidscanada.ca\\\/fr\\\/\",\"name\":\"AIDS Canada\",\"description\":\"Empowering Communities: Leaving No One Behind\",\"publisher\":{\"@id\":\"https:\\\/\\\/www.aidscanada.ca\\\/fr\\\/#organization\"},\"potentialAction\":[{\"@type\":\"SearchAction\",\"target\":{\"@type\":\"EntryPoint\",\"urlTemplate\":\"https:\\\/\\\/www.aidscanada.ca\\\/fr\\\/?s={search_term_string}\"},\"query-input\":{\"@type\":\"PropertyValueSpecification\",\"valueRequired\":true,\"valueName\":\"search_term_string\"}}],\"inLanguage\":\"fr-FR\"},{\"@type\":\"Organization\",\"@id\":\"https:\\\/\\\/www.aidscanada.ca\\\/fr\\\/#organization\",\"name\":\"AIDS Canada\",\"url\":\"https:\\\/\\\/www.aidscanada.ca\\\/fr\\\/\",\"logo\":{\"@type\":\"ImageObject\",\"inLanguage\":\"fr-FR\",\"@id\":\"https:\\\/\\\/www.aidscanada.ca\\\/fr\\\/#\\\/schema\\\/logo\\\/image\\\/\",\"url\":\"https:\\\/\\\/www.aidscanada.ca\\\/wp-content\\\/uploads\\\/2025\\\/01\\\/cropped-leaf-1.png\",\"contentUrl\":\"https:\\\/\\\/www.aidscanada.ca\\\/wp-content\\\/uploads\\\/2025\\\/01\\\/cropped-leaf-1.png\",\"width\":512,\"height\":512,\"caption\":\"AIDS Canada\"},\"image\":{\"@id\":\"https:\\\/\\\/www.aidscanada.ca\\\/fr\\\/#\\\/schema\\\/logo\\\/image\\\/\"}}]}<\/script>\n<!-- \/ Yoast SEO plugin. -->","yoast_head_json":{"title":"Banque de ressources - SIDA Canada","robots":{"index":"index","follow":"follow","max-snippet":"max-snippet:-1","max-image-preview":"max-image-preview:large","max-video-preview":"max-video-preview:-1"},"canonical":"https:\/\/www.aidscanada.ca\/fr\/banque-de-ressources\/","og_locale":"fr_FR","og_type":"article","og_title":"Banque de ressources - SIDA Canada","og_description":"La Banque de ressources du Pavillon du Canada est la plateforme virtuelle h\u00e9bergeant la recherche, les programmes et les politiques canadiennes sur le VIH\/sida afin de souligner la force, l&rsquo;innovation et l&rsquo;engagement de la communaut\u00e9 derri\u00e8re la r\u00e9ponse du Canada au VIH\/sida. Nous y pr\u00e9sentons une vari\u00e9t\u00e9 de ressources : vid\u00e9os, documents scientifiques, trousses d&rsquo;outils, [&hellip;]","og_url":"https:\/\/www.aidscanada.ca\/fr\/banque-de-ressources\/","og_site_name":"SIDA Canada","article_modified_time":"2025-03-24T16:33:12+00:00","twitter_card":"summary_large_image","twitter_misc":{"Dur\u00e9e de lecture estim\u00e9e":"1 minute"},"schema":{"@context":"https:\/\/schema.org","@graph":[{"@type":"WebPage","@id":"https:\/\/www.aidscanada.ca\/fr\/banque-de-ressources\/","url":"https:\/\/www.aidscanada.ca\/fr\/banque-de-ressources\/","name":"Banque de ressources - SIDA Canada","isPartOf":{"@id":"https:\/\/www.aidscanada.ca\/fr\/#website"},"datePublished":"2024-12-17T18:22:44+00:00","dateModified":"2025-03-24T16:33:12+00:00","breadcrumb":{"@id":"https:\/\/www.aidscanada.ca\/fr\/banque-de-ressources\/#breadcrumb"},"inLanguage":"fr-FR","potentialAction":[{"@type":"ReadAction","target":["https:\/\/www.aidscanada.ca\/fr\/banque-de-ressources\/"]}]},{"@type":"BreadcrumbList","@id":"https:\/\/www.aidscanada.ca\/fr\/banque-de-ressources\/#breadcrumb","itemListElement":[{"@type":"ListItem","position":1,"name":"Accueil","item":"https:\/\/www.aidscanada.ca\/fr\/"},{"@type":"ListItem","position":2,"name":"Banque de ressources"}]},{"@type":"WebSite","@id":"https:\/\/www.aidscanada.ca\/fr\/#website","url":"https:\/\/www.aidscanada.ca\/fr\/","name":"AIDS Canada","description":"Empowering Communities: Leaving No One Behind","publisher":{"@id":"https:\/\/www.aidscanada.ca\/fr\/#organization"},"potentialAction":[{"@type":"SearchAction","target":{"@type":"EntryPoint","urlTemplate":"https:\/\/www.aidscanada.ca\/fr\/?s={search_term_string}"},"query-input":{"@type":"PropertyValueSpecification","valueRequired":true,"valueName":"search_term_string"}}],"inLanguage":"fr-FR"},{"@type":"Organization","@id":"https:\/\/www.aidscanada.ca\/fr\/#organization","name":"AIDS Canada","url":"https:\/\/www.aidscanada.ca\/fr\/","logo":{"@type":"ImageObject","inLanguage":"fr-FR","@id":"https:\/\/www.aidscanada.ca\/fr\/#\/schema\/logo\/image\/","url":"https:\/\/www.aidscanada.ca\/wp-content\/uploads\/2025\/01\/cropped-leaf-1.png","contentUrl":"https:\/\/www.aidscanada.ca\/wp-content\/uploads\/2025\/01\/cropped-leaf-1.png","width":512,"height":512,"caption":"AIDS Canada"},"image":{"@id":"https:\/\/www.aidscanada.ca\/fr\/#\/schema\/logo\/image\/"}}]}},"_links":{"self":[{"href":"https:\/\/www.aidscanada.ca\/fr\/wp-json\/wp\/v2\/pages\/25","targetHints":{"allow":["GET"]}}],"collection":[{"href":"https:\/\/www.aidscanada.ca\/fr\/wp-json\/wp\/v2\/pages"}],"about":[{"href":"https:\/\/www.aidscanada.ca\/fr\/wp-json\/wp\/v2\/types\/page"}],"author":[{"embeddable":true,"href":"https:\/\/www.aidscanada.ca\/fr\/wp-json\/wp\/v2\/users\/2"}],"replies":[{"embeddable":true,"href":"https:\/\/www.aidscanada.ca\/fr\/wp-json\/wp\/v2\/comments?post=25"}],"version-history":[{"count":0,"href":"https:\/\/www.aidscanada.ca\/fr\/wp-json\/wp\/v2\/pages\/25\/revisions"}],"wp:attachment":[{"href":"https:\/\/www.aidscanada.ca\/fr\/wp-json\/wp\/v2\/media?parent=25"}],"curies":[{"name":"wp","href":"https:\/\/api.w.org\/{rel}","templated":true}]}}