{"id":29,"date":"2024-12-17T13:38:07","date_gmt":"2024-12-17T18:38:07","guid":{"rendered":"https:\/\/www.aidscanada.ca\/about-aids-canada\/"},"modified":"2025-02-21T12:10:36","modified_gmt":"2025-02-21T17:10:36","slug":"about","status":"publish","type":"page","link":"https:\/\/www.aidscanada.ca\/fr\/about\/","title":{"rendered":"\u00c0 propos de SIDA Canada"},"content":{"rendered":"\n<p><br>Bienvenue sur SIDA Canada &#8211; un site Web d\u00e9di\u00e9 \u00e0 la pr\u00e9sentation des contributions des chercheurs, des organisations communautaires, des prestataires de soins de sant\u00e9 et des gouvernements canadiens, ainsi qu&rsquo;\u00e0 la promotion des meilleures pratiques et des r\u00e9alisations canadiennes li\u00e9es au VIH\/SIDA et aux ITSS.<\/p>\n\n\n\n<p>La Conf\u00e9rence internationale sur le sida est la premi\u00e8re plateforme mondiale pour c\u00e9l\u00e9brer les r\u00e9alisations, c\u00e9l\u00e9brer les succ\u00e8s et d\u00e9finir les orientations strat\u00e9giques de la riposte mondiale au VIH\/sida.&nbsp;La 25e Conf\u00e9rence internationale sur le sida, SIDA 2024, se tiendra \u00e0 Munich, en Allemagne, ainsi que virtuellement du 22 au 26 juillet 2024.<\/p>\n\n\n\n<p>SIDA 2024 est l&rsquo;occasion pour le Canada de se joindre \u00e0 l&rsquo;appel \u00e0 l&rsquo;action pour r\u00e9engager et suivre la science afin de d\u00e9finir les futurs programmes de recherche, de transformer les derni\u00e8res donn\u00e9es probantes en action et d&rsquo;\u00e9tablir un nouveau consensus pour vaincre l&rsquo;\u00e9pid\u00e9mie de VIH en tant que menace pour la sant\u00e9. sant\u00e9 publique et bien-\u00eatre individuel. Le Pavillon du Canada pr\u00e9sentera les d\u00e9fis rencontr\u00e9s et surmont\u00e9s, ainsi que les meilleures pratiques li\u00e9es \u00e0 la pr\u00e9vention, au traitement et aux soins.<\/p>\n\n\n\n<p>Cette ann\u00e9e, le site Web de SIDA Canada h\u00e9berge \u00e0 la fois un centre de ressources mis \u00e0 jour ainsi que le Pavillon du Canada pour la 25e Conf\u00e9rence internationale sur le sida. Consultez les deux sections du site Web pour plus d\u2019informations et de nouvelles ressources int\u00e9ressantes, des webinaires et des opportunit\u00e9s de r\u00e9seautage.<\/p>\n\n\n\n<p>Le Pavillon du Canada \u00e0 SIDA 2024 est g\u00e9r\u00e9 par&nbsp;<a href=\"https:\/\/www.cahr-acrv.ca\">l&rsquo;Association canadienne de recherche sur le VIH<\/a>&nbsp;, avec le soutien d&rsquo;organisations et de personnes ayant une exp\u00e9rience v\u00e9cue de partout au pays.<\/p>\n\n\n\n<figure class=\"wp-block-image size-large\"><img loading=\"lazy\" decoding=\"async\" width=\"1024\" height=\"332\" src=\"https:\/\/www.aidscanada.ca\/wp-content\/uploads\/2025\/02\/Website_Pavilion_2024_leaf_canada_tagline-1024x332.png\" alt=\"Canada. Empowering Communities: Leaving No One Behind. Le pouvoir aux communaut\u00e9s. N\u2019oublions personne.\" class=\"wp-image-872\" srcset=\"https:\/\/www.aidscanada.ca\/wp-content\/uploads\/2025\/02\/Website_Pavilion_2024_leaf_canada_tagline-1024x332.png 1024w, https:\/\/www.aidscanada.ca\/wp-content\/uploads\/2025\/02\/Website_Pavilion_2024_leaf_canada_tagline-300x97.png 300w, https:\/\/www.aidscanada.ca\/wp-content\/uploads\/2025\/02\/Website_Pavilion_2024_leaf_canada_tagline-768x249.png 768w, https:\/\/www.aidscanada.ca\/wp-content\/uploads\/2025\/02\/Website_Pavilion_2024_leaf_canada_tagline-1536x498.png 1536w, https:\/\/www.aidscanada.ca\/wp-content\/uploads\/2025\/02\/Website_Pavilion_2024_leaf_canada_tagline-2048x664.png 2048w\" sizes=\"auto, (max-width: 1024px) 100vw, 1024px\" \/><\/figure>\n","protected":false},"excerpt":{"rendered":"<p>Bienvenue sur SIDA Canada &#8211; un site Web d\u00e9di\u00e9 \u00e0 la pr\u00e9sentation des contributions des chercheurs, des organisations communautaires, des prestataires de soins de sant\u00e9 et des gouvernements canadiens, ainsi qu&rsquo;\u00e0 la promotion des meilleures pratiques et des r\u00e9alisations canadiennes li\u00e9es au VIH\/SIDA et aux ITSS. La Conf\u00e9rence internationale sur le sida est la premi\u00e8re [&hellip;]<\/p>\n","protected":false},"author":2,"featured_media":0,"parent":0,"menu_order":0,"comment_status":"closed","ping_status":"closed","template":"","meta":{"_acf_changed":false,"footnotes":""},"class_list":["post-29","page","type-page","status-publish","hentry"],"acf":[],"yoast_head":"<!-- This site is optimized with the Yoast SEO plugin v27.4 - https:\/\/yoast.com\/product\/yoast-seo-wordpress\/ -->\n<title>\u00c0 propos de SIDA Canada - SIDA Canada<\/title>\n<meta name=\"robots\" content=\"index, follow, max-snippet:-1, max-image-preview:large, max-video-preview:-1\" \/>\n<link rel=\"canonical\" href=\"https:\/\/www.aidscanada.ca\/fr\/about\/\" \/>\n<meta property=\"og:locale\" content=\"fr_FR\" \/>\n<meta property=\"og:type\" content=\"article\" \/>\n<meta property=\"og:title\" content=\"\u00c0 propos de SIDA Canada - SIDA Canada\" \/>\n<meta property=\"og:description\" content=\"Bienvenue sur SIDA Canada &#8211; un site Web d\u00e9di\u00e9 \u00e0 la pr\u00e9sentation des contributions des chercheurs, des organisations communautaires, des prestataires de soins de sant\u00e9 et des gouvernements canadiens, ainsi qu&rsquo;\u00e0 la promotion des meilleures pratiques et des r\u00e9alisations canadiennes li\u00e9es au VIH\/SIDA et aux ITSS. La Conf\u00e9rence internationale sur le sida est la premi\u00e8re [&hellip;]\" \/>\n<meta property=\"og:url\" content=\"https:\/\/www.aidscanada.ca\/fr\/about\/\" \/>\n<meta property=\"og:site_name\" content=\"SIDA Canada\" \/>\n<meta property=\"article:modified_time\" content=\"2025-02-21T17:10:36+00:00\" \/>\n<meta property=\"og:image\" content=\"https:\/\/www.aidscanada.ca\/wp-content\/uploads\/2025\/02\/Website_Pavilion_2024_leaf_canada_tagline.png\" \/>\n\t<meta property=\"og:image:width\" content=\"2842\" \/>\n\t<meta property=\"og:image:height\" content=\"921\" \/>\n\t<meta property=\"og:image:type\" content=\"image\/png\" \/>\n<meta name=\"twitter:card\" content=\"summary_large_image\" \/>\n<meta name=\"twitter:label1\" content=\"Dur\u00e9e de lecture estim\u00e9e\" \/>\n\t<meta name=\"twitter:data1\" content=\"2 minutes\" \/>\n<script type=\"application\/ld+json\" class=\"yoast-schema-graph\">{\"@context\":\"https:\\\/\\\/schema.org\",\"@graph\":[{\"@type\":\"WebPage\",\"@id\":\"https:\\\/\\\/www.aidscanada.ca\\\/fr\\\/about\\\/\",\"url\":\"https:\\\/\\\/www.aidscanada.ca\\\/fr\\\/about\\\/\",\"name\":\"\u00c0 propos de SIDA Canada - SIDA Canada\",\"isPartOf\":{\"@id\":\"https:\\\/\\\/www.aidscanada.ca\\\/fr\\\/#website\"},\"primaryImageOfPage\":{\"@id\":\"https:\\\/\\\/www.aidscanada.ca\\\/fr\\\/about\\\/#primaryimage\"},\"image\":{\"@id\":\"https:\\\/\\\/www.aidscanada.ca\\\/fr\\\/about\\\/#primaryimage\"},\"thumbnailUrl\":\"https:\\\/\\\/www.aidscanada.ca\\\/wp-content\\\/uploads\\\/2025\\\/02\\\/Website_Pavilion_2024_leaf_canada_tagline-1024x332.png\",\"datePublished\":\"2024-12-17T18:38:07+00:00\",\"dateModified\":\"2025-02-21T17:10:36+00:00\",\"breadcrumb\":{\"@id\":\"https:\\\/\\\/www.aidscanada.ca\\\/fr\\\/about\\\/#breadcrumb\"},\"inLanguage\":\"fr-FR\",\"potentialAction\":[{\"@type\":\"ReadAction\",\"target\":[\"https:\\\/\\\/www.aidscanada.ca\\\/fr\\\/about\\\/\"]}]},{\"@type\":\"ImageObject\",\"inLanguage\":\"fr-FR\",\"@id\":\"https:\\\/\\\/www.aidscanada.ca\\\/fr\\\/about\\\/#primaryimage\",\"url\":\"https:\\\/\\\/www.aidscanada.ca\\\/wp-content\\\/uploads\\\/2025\\\/02\\\/Website_Pavilion_2024_leaf_canada_tagline-1024x332.png\",\"contentUrl\":\"https:\\\/\\\/www.aidscanada.ca\\\/wp-content\\\/uploads\\\/2025\\\/02\\\/Website_Pavilion_2024_leaf_canada_tagline-1024x332.png\"},{\"@type\":\"BreadcrumbList\",\"@id\":\"https:\\\/\\\/www.aidscanada.ca\\\/fr\\\/about\\\/#breadcrumb\",\"itemListElement\":[{\"@type\":\"ListItem\",\"position\":1,\"name\":\"Accueil\",\"item\":\"https:\\\/\\\/www.aidscanada.ca\\\/fr\\\/\"},{\"@type\":\"ListItem\",\"position\":2,\"name\":\"\u00c0 propos de SIDA Canada\"}]},{\"@type\":\"WebSite\",\"@id\":\"https:\\\/\\\/www.aidscanada.ca\\\/fr\\\/#website\",\"url\":\"https:\\\/\\\/www.aidscanada.ca\\\/fr\\\/\",\"name\":\"AIDS Canada\",\"description\":\"Empowering Communities: Leaving No One Behind\",\"publisher\":{\"@id\":\"https:\\\/\\\/www.aidscanada.ca\\\/fr\\\/#organization\"},\"potentialAction\":[{\"@type\":\"SearchAction\",\"target\":{\"@type\":\"EntryPoint\",\"urlTemplate\":\"https:\\\/\\\/www.aidscanada.ca\\\/fr\\\/?s={search_term_string}\"},\"query-input\":{\"@type\":\"PropertyValueSpecification\",\"valueRequired\":true,\"valueName\":\"search_term_string\"}}],\"inLanguage\":\"fr-FR\"},{\"@type\":\"Organization\",\"@id\":\"https:\\\/\\\/www.aidscanada.ca\\\/fr\\\/#organization\",\"name\":\"AIDS Canada\",\"url\":\"https:\\\/\\\/www.aidscanada.ca\\\/fr\\\/\",\"logo\":{\"@type\":\"ImageObject\",\"inLanguage\":\"fr-FR\",\"@id\":\"https:\\\/\\\/www.aidscanada.ca\\\/fr\\\/#\\\/schema\\\/logo\\\/image\\\/\",\"url\":\"https:\\\/\\\/www.aidscanada.ca\\\/wp-content\\\/uploads\\\/2025\\\/01\\\/cropped-leaf-1.png\",\"contentUrl\":\"https:\\\/\\\/www.aidscanada.ca\\\/wp-content\\\/uploads\\\/2025\\\/01\\\/cropped-leaf-1.png\",\"width\":512,\"height\":512,\"caption\":\"AIDS Canada\"},\"image\":{\"@id\":\"https:\\\/\\\/www.aidscanada.ca\\\/fr\\\/#\\\/schema\\\/logo\\\/image\\\/\"}}]}<\/script>\n<!-- \/ Yoast SEO plugin. -->","yoast_head_json":{"title":"\u00c0 propos de SIDA Canada - SIDA Canada","robots":{"index":"index","follow":"follow","max-snippet":"max-snippet:-1","max-image-preview":"max-image-preview:large","max-video-preview":"max-video-preview:-1"},"canonical":"https:\/\/www.aidscanada.ca\/fr\/about\/","og_locale":"fr_FR","og_type":"article","og_title":"\u00c0 propos de SIDA Canada - SIDA Canada","og_description":"Bienvenue sur SIDA Canada &#8211; un site Web d\u00e9di\u00e9 \u00e0 la pr\u00e9sentation des contributions des chercheurs, des organisations communautaires, des prestataires de soins de sant\u00e9 et des gouvernements canadiens, ainsi qu&rsquo;\u00e0 la promotion des meilleures pratiques et des r\u00e9alisations canadiennes li\u00e9es au VIH\/SIDA et aux ITSS. La Conf\u00e9rence internationale sur le sida est la premi\u00e8re [&hellip;]","og_url":"https:\/\/www.aidscanada.ca\/fr\/about\/","og_site_name":"SIDA Canada","article_modified_time":"2025-02-21T17:10:36+00:00","og_image":[{"width":2842,"height":921,"url":"https:\/\/www.aidscanada.ca\/wp-content\/uploads\/2025\/02\/Website_Pavilion_2024_leaf_canada_tagline.png","type":"image\/png"}],"twitter_card":"summary_large_image","twitter_misc":{"Dur\u00e9e de lecture estim\u00e9e":"2 minutes"},"schema":{"@context":"https:\/\/schema.org","@graph":[{"@type":"WebPage","@id":"https:\/\/www.aidscanada.ca\/fr\/about\/","url":"https:\/\/www.aidscanada.ca\/fr\/about\/","name":"\u00c0 propos de SIDA Canada - SIDA Canada","isPartOf":{"@id":"https:\/\/www.aidscanada.ca\/fr\/#website"},"primaryImageOfPage":{"@id":"https:\/\/www.aidscanada.ca\/fr\/about\/#primaryimage"},"image":{"@id":"https:\/\/www.aidscanada.ca\/fr\/about\/#primaryimage"},"thumbnailUrl":"https:\/\/www.aidscanada.ca\/wp-content\/uploads\/2025\/02\/Website_Pavilion_2024_leaf_canada_tagline-1024x332.png","datePublished":"2024-12-17T18:38:07+00:00","dateModified":"2025-02-21T17:10:36+00:00","breadcrumb":{"@id":"https:\/\/www.aidscanada.ca\/fr\/about\/#breadcrumb"},"inLanguage":"fr-FR","potentialAction":[{"@type":"ReadAction","target":["https:\/\/www.aidscanada.ca\/fr\/about\/"]}]},{"@type":"ImageObject","inLanguage":"fr-FR","@id":"https:\/\/www.aidscanada.ca\/fr\/about\/#primaryimage","url":"https:\/\/www.aidscanada.ca\/wp-content\/uploads\/2025\/02\/Website_Pavilion_2024_leaf_canada_tagline-1024x332.png","contentUrl":"https:\/\/www.aidscanada.ca\/wp-content\/uploads\/2025\/02\/Website_Pavilion_2024_leaf_canada_tagline-1024x332.png"},{"@type":"BreadcrumbList","@id":"https:\/\/www.aidscanada.ca\/fr\/about\/#breadcrumb","itemListElement":[{"@type":"ListItem","position":1,"name":"Accueil","item":"https:\/\/www.aidscanada.ca\/fr\/"},{"@type":"ListItem","position":2,"name":"\u00c0 propos de SIDA Canada"}]},{"@type":"WebSite","@id":"https:\/\/www.aidscanada.ca\/fr\/#website","url":"https:\/\/www.aidscanada.ca\/fr\/","name":"AIDS Canada","description":"Empowering Communities: Leaving No One Behind","publisher":{"@id":"https:\/\/www.aidscanada.ca\/fr\/#organization"},"potentialAction":[{"@type":"SearchAction","target":{"@type":"EntryPoint","urlTemplate":"https:\/\/www.aidscanada.ca\/fr\/?s={search_term_string}"},"query-input":{"@type":"PropertyValueSpecification","valueRequired":true,"valueName":"search_term_string"}}],"inLanguage":"fr-FR"},{"@type":"Organization","@id":"https:\/\/www.aidscanada.ca\/fr\/#organization","name":"AIDS Canada","url":"https:\/\/www.aidscanada.ca\/fr\/","logo":{"@type":"ImageObject","inLanguage":"fr-FR","@id":"https:\/\/www.aidscanada.ca\/fr\/#\/schema\/logo\/image\/","url":"https:\/\/www.aidscanada.ca\/wp-content\/uploads\/2025\/01\/cropped-leaf-1.png","contentUrl":"https:\/\/www.aidscanada.ca\/wp-content\/uploads\/2025\/01\/cropped-leaf-1.png","width":512,"height":512,"caption":"AIDS Canada"},"image":{"@id":"https:\/\/www.aidscanada.ca\/fr\/#\/schema\/logo\/image\/"}}]}},"_links":{"self":[{"href":"https:\/\/www.aidscanada.ca\/fr\/wp-json\/wp\/v2\/pages\/29","targetHints":{"allow":["GET"]}}],"collection":[{"href":"https:\/\/www.aidscanada.ca\/fr\/wp-json\/wp\/v2\/pages"}],"about":[{"href":"https:\/\/www.aidscanada.ca\/fr\/wp-json\/wp\/v2\/types\/page"}],"author":[{"embeddable":true,"href":"https:\/\/www.aidscanada.ca\/fr\/wp-json\/wp\/v2\/users\/2"}],"replies":[{"embeddable":true,"href":"https:\/\/www.aidscanada.ca\/fr\/wp-json\/wp\/v2\/comments?post=29"}],"version-history":[{"count":0,"href":"https:\/\/www.aidscanada.ca\/fr\/wp-json\/wp\/v2\/pages\/29\/revisions"}],"wp:attachment":[{"href":"https:\/\/www.aidscanada.ca\/fr\/wp-json\/wp\/v2\/media?parent=29"}],"curies":[{"name":"wp","href":"https:\/\/api.w.org\/{rel}","templated":true}]}}