{"id":854,"date":"2025-02-18T16:18:13","date_gmt":"2025-02-18T21:18:13","guid":{"rendered":"https:\/\/www.aidscanada.ca\/?page_id=854"},"modified":"2025-02-26T16:20:37","modified_gmt":"2025-02-26T21:20:37","slug":"histoires-de-reussit","status":"publish","type":"page","link":"https:\/\/www.aidscanada.ca\/fr\/histoires-de-reussit\/","title":{"rendered":"Histoires de r\u00e9ussit"},"content":{"rendered":"<div class=\"person\">\n            <div class=\"person-photo\">\n            <img class=\"lazyload\" data-src=\"https:\/\/www.aidscanada.ca\/wp-content\/uploads\/2025\/02\/Breklyn-300x300-c-center.webp\" alt=\"Breklyn\">\n        <\/div>\n        <div class=\"person-details\">\n                    <h2 class=\"person-name\">Breklyn<\/h2>\n                            <div class=\"person-body\">\n                <p>\u00ab Le Canada dispose de politiques plus progressistes et d\u2019une acceptation des personnes vivant avec le VIH, ce qui peut inspirer d\u2019autres personnes et d\u2019autres pays \u00e0 apporter des changements positifs qui auront des impacts favorables sur les vies des personnes vivant avec le VIH. \u00bb<\/p>\n\n            <\/div>\n                            <div class=\"person-download\">\n                <a href=\"https:\/\/www.aidscanada.ca\/wp-content\/uploads\/2025\/02\/Success-Story-1-Breklyn-fre-1.pdf\" download>Lire l&rsquo;histoire de r\u00e9ussi.<\/a>\n            <\/div>\n            <\/div>\n<\/div>\n\n\n<div class=\"person\">\n            <div class=\"person-photo\">\n            <img class=\"lazyload\" data-src=\"https:\/\/www.aidscanada.ca\/wp-content\/uploads\/2025\/02\/Davi-300x300-c-center.webp\" alt=\"Davi\">\n        <\/div>\n        <div class=\"person-details\">\n                    <h2 class=\"person-name\">Davi<\/h2>\n                            <div class=\"person-body\">\n                <p>\u00ab La recherche effectu\u00e9e au Canada doit \u00eatre communiqu\u00e9e afin que le Canada puisse maintenant sa position en tant que meneur mondial avec sa r\u00e9ponse positive au VIH.\u00bb<\/p>\n\n            <\/div>\n                            <div class=\"person-download\">\n                <a href=\"https:\/\/www.aidscanada.ca\/wp-content\/uploads\/2025\/02\/Success-Story-2-Davi-fre.pdf\" download>Lire l&rsquo;histoire de r\u00e9ussi.<\/a>\n            <\/div>\n            <\/div>\n<\/div>\n\n\n<div class=\"person\">\n            <div class=\"person-photo\">\n            <img class=\"lazyload\" data-src=\"https:\/\/www.aidscanada.ca\/wp-content\/uploads\/2025\/02\/Denise-300x300-c-center.webp\" alt=\"Denise\">\n        <\/div>\n        <div class=\"person-details\">\n                    <h2 class=\"person-name\">Denise<\/h2>\n                            <div class=\"person-body\">\n                <p>\u00ab En faisant intentionnellement participer les personnes vivant avec le VIH, le Pavillon du Canada a fait la preuve d\u2019une plus grande participation et d\u2019un engagement significatif des personnes vivant avec le VIH. \u00bb<\/p>\n\n            <\/div>\n                            <div class=\"person-download\">\n                <a href=\"https:\/\/www.aidscanada.ca\/wp-content\/uploads\/2025\/02\/Success-Story-3-Denise-fre.pdf\" download>Lire l&rsquo;histoire de r\u00e9ussi.<\/a>\n            <\/div>\n            <\/div>\n<\/div>\n\n\n<div class=\"person\">\n            <div class=\"person-photo\">\n            <img class=\"lazyload\" data-src=\"https:\/\/www.aidscanada.ca\/wp-content\/uploads\/2025\/02\/Martin-300x300-c-center.webp\" alt=\"Martin\">\n        <\/div>\n        <div class=\"person-details\">\n                    <h2 class=\"person-name\">Martin<\/h2>\n                            <div class=\"person-body\">\n                <p>\u00ab Mettre en lumi\u00e8re le travail qui se fait au Canada inspire d\u2019autres pays et, en tant que Canadiens, nous sommes inspir\u00e9s de voir les progr\u00e8s accomplis \u00e0 l\u2019int\u00e9rieur du pays et de par le monde. \u00bb<\/p>\n\n            <\/div>\n                            <div class=\"person-download\">\n                <a href=\"https:\/\/www.aidscanada.ca\/wp-content\/uploads\/2025\/02\/Success-Story-4-Martin-fre.pdf\" download>Lire l&rsquo;histoire de r\u00e9ussi.<\/a>\n            <\/div>\n            <\/div>\n<\/div>\n\n\n<div class=\"person\">\n            <div class=\"person-photo\">\n            <img class=\"lazyload\" data-src=\"https:\/\/www.aidscanada.ca\/wp-content\/uploads\/2025\/02\/Renee-300x300-c-center.webp\" alt=\"Ren\u00e9e\">\n        <\/div>\n        <div class=\"person-details\">\n                    <h2 class=\"person-name\">Ren\u00e9e<\/h2>\n                            <div class=\"person-body\">\n                <p>\u00ab Je pourrai partager de l\u2019information susceptible d\u2019\u00e9clairer les projets actuels et d\u2019en inspirer de nouveaux, ainsi que de diffuser les connaissances. \u00bb<\/p>\n\n            <\/div>\n                            <div class=\"person-download\">\n                <a href=\"https:\/\/www.aidscanada.ca\/wp-content\/uploads\/2025\/02\/Success-Story-5-Renee-fre.pdf\" download>Lire l&rsquo;histoire de r\u00e9ussi.<\/a>\n            <\/div>\n            <\/div>\n<\/div>\n\n\n<div class=\"person\">\n            <div class=\"person-photo\">\n            <img class=\"lazyload\" data-src=\"https:\/\/www.aidscanada.ca\/wp-content\/uploads\/2025\/02\/Ken-300x300-c-center.webp\" alt=\"Ken\">\n        <\/div>\n        <div class=\"person-details\">\n                    <h2 class=\"person-name\">Ken<\/h2>\n                            <div class=\"person-body\">\n                <p>\u00ab Les organisations communautaires du Canada et les particuliers ont des \u00e9clairages essentiels et des pratiques exceptionnelles \u00e0 partager sur la sc\u00e8ne mondiale, ce qui aide \u00e0 construire un mouvement plus fort et plus uni de lutte contre le VIH partout dans le monde. \u00bb<\/p>\n\n            <\/div>\n                            <div class=\"person-download\">\n                <a href=\"https:\/\/www.aidscanada.ca\/wp-content\/uploads\/2025\/02\/Success-Story-6-Ken-fre.pdf\" download>Lire l&rsquo;histoire de r\u00e9ussi.<\/a>\n            <\/div>\n            <\/div>\n<\/div>\n\n\n<div class=\"person\">\n            <div class=\"person-photo\">\n            <img class=\"lazyload\" data-src=\"https:\/\/www.aidscanada.ca\/wp-content\/uploads\/2025\/02\/Julez-scaled-300x300-c-center.webp\" alt=\"Julez\">\n        <\/div>\n        <div class=\"person-details\">\n                    <h2 class=\"person-name\">Julez<\/h2>\n                            <div class=\"person-body\">\n                <p>\u00ab L\u2019un des aspects les plus int\u00e9ressants de la conf\u00e9rence \u00e9tait le m\u00e9lange de peuples et de perspectives repr\u00e9sent\u00e9s. \u00c9changer des id\u00e9es avec tous et chacun m\u2019a vraiment combl\u00e9e d\u2019\u00e9nergie! \u00bb<\/p>\n\n            <\/div>\n                            <div class=\"person-download\">\n                <a href=\"https:\/\/www.aidscanada.ca\/wp-content\/uploads\/2025\/02\/Success-Story-7-Julez-fre.pdf\" download>Lire l&rsquo;histoire de r\u00e9ussi.<\/a>\n            <\/div>\n            <\/div>\n<\/div>\n\n\n<div class=\"person\">\n            <div class=\"person-photo\">\n            <img class=\"lazyload\" data-src=\"https:\/\/www.aidscanada.ca\/wp-content\/uploads\/2025\/02\/Martin-1-scaled-300x300-c-center.webp\" alt=\"Martin\">\n        <\/div>\n        <div class=\"person-details\">\n                    <h2 class=\"person-name\">Martin<\/h2>\n                            <div class=\"person-body\">\n                <p>\u00ab J\u2019ai eu de nombreuses discussions sur l\u2019importance de se concentrer sur des approches sp\u00e9cifiques aux populations prioritaires et tirer parti des donn\u00e9es probantes d\u2019apr\u00e8s les services et programmes. Le Canada peut apprendre de l\u2019inspiration mondiale et inversement. \u00bb<\/p>\n\n            <\/div>\n                            <div class=\"person-download\">\n                <a href=\"https:\/\/www.aidscanada.ca\/wp-content\/uploads\/2025\/02\/Success-Story-8-Martin-fre.pdf\" download>Lire l&rsquo;histoire de r\u00e9ussi.<\/a>\n            <\/div>\n            <\/div>\n<\/div>\n\n\n\n<p><\/p>\n","protected":false},"excerpt":{"rendered":"","protected":false},"author":2,"featured_media":0,"parent":0,"menu_order":0,"comment_status":"closed","ping_status":"closed","template":"","meta":{"_acf_changed":true,"footnotes":""},"class_list":["post-854","page","type-page","status-publish","hentry"],"acf":[],"yoast_head":"<!-- This site is optimized with the Yoast SEO plugin v27.2 - https:\/\/yoast.com\/product\/yoast-seo-wordpress\/ -->\n<title>Histoires de r\u00e9ussit - SIDA Canada<\/title>\n<meta name=\"robots\" content=\"index, follow, max-snippet:-1, max-image-preview:large, max-video-preview:-1\" \/>\n<link rel=\"canonical\" href=\"https:\/\/www.aidscanada.ca\/fr\/histoires-de-reussit\/\" \/>\n<meta property=\"og:locale\" content=\"fr_FR\" \/>\n<meta property=\"og:type\" content=\"article\" \/>\n<meta property=\"og:title\" content=\"Histoires de r\u00e9ussit - SIDA Canada\" \/>\n<meta property=\"og:url\" content=\"https:\/\/www.aidscanada.ca\/fr\/histoires-de-reussit\/\" \/>\n<meta property=\"og:site_name\" content=\"SIDA Canada\" \/>\n<meta property=\"article:modified_time\" content=\"2025-02-26T21:20:37+00:00\" \/>\n<meta name=\"twitter:card\" content=\"summary_large_image\" \/>\n<script type=\"application\/ld+json\" class=\"yoast-schema-graph\">{\"@context\":\"https:\/\/schema.org\",\"@graph\":[{\"@type\":\"WebPage\",\"@id\":\"https:\/\/www.aidscanada.ca\/fr\/histoires-de-reussit\/\",\"url\":\"https:\/\/www.aidscanada.ca\/fr\/histoires-de-reussit\/\",\"name\":\"Histoires de r\u00e9ussit - SIDA Canada\",\"isPartOf\":{\"@id\":\"https:\/\/www.aidscanada.ca\/fr\/#website\"},\"datePublished\":\"2025-02-18T21:18:13+00:00\",\"dateModified\":\"2025-02-26T21:20:37+00:00\",\"breadcrumb\":{\"@id\":\"https:\/\/www.aidscanada.ca\/fr\/histoires-de-reussit\/#breadcrumb\"},\"inLanguage\":\"fr-FR\",\"potentialAction\":[{\"@type\":\"ReadAction\",\"target\":[\"https:\/\/www.aidscanada.ca\/fr\/histoires-de-reussit\/\"]}]},{\"@type\":\"BreadcrumbList\",\"@id\":\"https:\/\/www.aidscanada.ca\/fr\/histoires-de-reussit\/#breadcrumb\",\"itemListElement\":[{\"@type\":\"ListItem\",\"position\":1,\"name\":\"Accueil\",\"item\":\"https:\/\/www.aidscanada.ca\/fr\/\"},{\"@type\":\"ListItem\",\"position\":2,\"name\":\"Histoires de r\u00e9ussit\"}]},{\"@type\":\"WebSite\",\"@id\":\"https:\/\/www.aidscanada.ca\/fr\/#website\",\"url\":\"https:\/\/www.aidscanada.ca\/fr\/\",\"name\":\"AIDS Canada\",\"description\":\"Empowering Communities: Leaving No One Behind\",\"publisher\":{\"@id\":\"https:\/\/www.aidscanada.ca\/fr\/#organization\"},\"potentialAction\":[{\"@type\":\"SearchAction\",\"target\":{\"@type\":\"EntryPoint\",\"urlTemplate\":\"https:\/\/www.aidscanada.ca\/fr\/?s={search_term_string}\"},\"query-input\":{\"@type\":\"PropertyValueSpecification\",\"valueRequired\":true,\"valueName\":\"search_term_string\"}}],\"inLanguage\":\"fr-FR\"},{\"@type\":\"Organization\",\"@id\":\"https:\/\/www.aidscanada.ca\/fr\/#organization\",\"name\":\"AIDS Canada\",\"url\":\"https:\/\/www.aidscanada.ca\/fr\/\",\"logo\":{\"@type\":\"ImageObject\",\"inLanguage\":\"fr-FR\",\"@id\":\"https:\/\/www.aidscanada.ca\/fr\/#\/schema\/logo\/image\/\",\"url\":\"https:\/\/www.aidscanada.ca\/wp-content\/uploads\/2025\/01\/cropped-leaf-1.png\",\"contentUrl\":\"https:\/\/www.aidscanada.ca\/wp-content\/uploads\/2025\/01\/cropped-leaf-1.png\",\"width\":512,\"height\":512,\"caption\":\"AIDS Canada\"},\"image\":{\"@id\":\"https:\/\/www.aidscanada.ca\/fr\/#\/schema\/logo\/image\/\"}}]}<\/script>\n<!-- \/ Yoast SEO plugin. -->","yoast_head_json":{"title":"Histoires de r\u00e9ussit - SIDA Canada","robots":{"index":"index","follow":"follow","max-snippet":"max-snippet:-1","max-image-preview":"max-image-preview:large","max-video-preview":"max-video-preview:-1"},"canonical":"https:\/\/www.aidscanada.ca\/fr\/histoires-de-reussit\/","og_locale":"fr_FR","og_type":"article","og_title":"Histoires de r\u00e9ussit - SIDA Canada","og_url":"https:\/\/www.aidscanada.ca\/fr\/histoires-de-reussit\/","og_site_name":"SIDA Canada","article_modified_time":"2025-02-26T21:20:37+00:00","twitter_card":"summary_large_image","schema":{"@context":"https:\/\/schema.org","@graph":[{"@type":"WebPage","@id":"https:\/\/www.aidscanada.ca\/fr\/histoires-de-reussit\/","url":"https:\/\/www.aidscanada.ca\/fr\/histoires-de-reussit\/","name":"Histoires de r\u00e9ussit - SIDA Canada","isPartOf":{"@id":"https:\/\/www.aidscanada.ca\/fr\/#website"},"datePublished":"2025-02-18T21:18:13+00:00","dateModified":"2025-02-26T21:20:37+00:00","breadcrumb":{"@id":"https:\/\/www.aidscanada.ca\/fr\/histoires-de-reussit\/#breadcrumb"},"inLanguage":"fr-FR","potentialAction":[{"@type":"ReadAction","target":["https:\/\/www.aidscanada.ca\/fr\/histoires-de-reussit\/"]}]},{"@type":"BreadcrumbList","@id":"https:\/\/www.aidscanada.ca\/fr\/histoires-de-reussit\/#breadcrumb","itemListElement":[{"@type":"ListItem","position":1,"name":"Accueil","item":"https:\/\/www.aidscanada.ca\/fr\/"},{"@type":"ListItem","position":2,"name":"Histoires de r\u00e9ussit"}]},{"@type":"WebSite","@id":"https:\/\/www.aidscanada.ca\/fr\/#website","url":"https:\/\/www.aidscanada.ca\/fr\/","name":"AIDS Canada","description":"Empowering Communities: Leaving No One Behind","publisher":{"@id":"https:\/\/www.aidscanada.ca\/fr\/#organization"},"potentialAction":[{"@type":"SearchAction","target":{"@type":"EntryPoint","urlTemplate":"https:\/\/www.aidscanada.ca\/fr\/?s={search_term_string}"},"query-input":{"@type":"PropertyValueSpecification","valueRequired":true,"valueName":"search_term_string"}}],"inLanguage":"fr-FR"},{"@type":"Organization","@id":"https:\/\/www.aidscanada.ca\/fr\/#organization","name":"AIDS Canada","url":"https:\/\/www.aidscanada.ca\/fr\/","logo":{"@type":"ImageObject","inLanguage":"fr-FR","@id":"https:\/\/www.aidscanada.ca\/fr\/#\/schema\/logo\/image\/","url":"https:\/\/www.aidscanada.ca\/wp-content\/uploads\/2025\/01\/cropped-leaf-1.png","contentUrl":"https:\/\/www.aidscanada.ca\/wp-content\/uploads\/2025\/01\/cropped-leaf-1.png","width":512,"height":512,"caption":"AIDS Canada"},"image":{"@id":"https:\/\/www.aidscanada.ca\/fr\/#\/schema\/logo\/image\/"}}]}},"_links":{"self":[{"href":"https:\/\/www.aidscanada.ca\/fr\/wp-json\/wp\/v2\/pages\/854","targetHints":{"allow":["GET"]}}],"collection":[{"href":"https:\/\/www.aidscanada.ca\/fr\/wp-json\/wp\/v2\/pages"}],"about":[{"href":"https:\/\/www.aidscanada.ca\/fr\/wp-json\/wp\/v2\/types\/page"}],"author":[{"embeddable":true,"href":"https:\/\/www.aidscanada.ca\/fr\/wp-json\/wp\/v2\/users\/2"}],"replies":[{"embeddable":true,"href":"https:\/\/www.aidscanada.ca\/fr\/wp-json\/wp\/v2\/comments?post=854"}],"version-history":[{"count":0,"href":"https:\/\/www.aidscanada.ca\/fr\/wp-json\/wp\/v2\/pages\/854\/revisions"}],"wp:attachment":[{"href":"https:\/\/www.aidscanada.ca\/fr\/wp-json\/wp\/v2\/media?parent=854"}],"curies":[{"name":"wp","href":"https:\/\/api.w.org\/{rel}","templated":true}]}}