{"id":862,"date":"2025-02-04T14:22:37","date_gmt":"2025-02-04T19:22:37","guid":{"rendered":"https:\/\/www.aidscanada.ca\/?page_id=862"},"modified":"2025-03-05T12:15:07","modified_gmt":"2025-03-05T17:15:07","slug":"i-i","status":"publish","type":"page","link":"https:\/\/www.aidscanada.ca\/fr\/i-i\/","title":{"rendered":"I = I"},"content":{"rendered":"\n<figure class=\"wp-block-embed is-type-video is-provider-youtube wp-block-embed-youtube wp-embed-aspect-16-9 wp-has-aspect-ratio\"><div class=\"wp-block-embed__wrapper\">\n<iframe loading=\"lazy\" title=\"Global Lessons, Local Actions: Christian Hui\" width=\"500\" height=\"281\" src=\"https:\/\/www.youtube.com\/embed\/zOl4mmXwH0g?feature=oembed\" frameborder=\"0\" allow=\"accelerometer; autoplay; clipboard-write; encrypted-media; gyroscope; picture-in-picture; web-share\" referrerpolicy=\"strict-origin-when-cross-origin\" allowfullscreen><\/iframe>\n<\/div><\/figure>\n\n\n\n<div class=\"video-title\">\n  <div class=\"video-title-name\">Christian Hui<\/div>\n  <div class=\"video-title-location\">Toronto (Ontario)<\/div>\n<\/div>\n\n\n\n<h2 class=\"wp-block-heading\">Lorsque le VIH est ind\u00e9tectable, il est intransmissible.<\/h2>\n\n\n\n<p>Lorsque les personnes vivant avec le VIH suivent un traitement antir\u00e9troviral comme prescrit, leur charge virale &#8211; la quantit\u00e9 de VIH dans leur sang &#8211; devient si faible qu&rsquo;elle est ind\u00e9tectable par un test sanguin standard.<\/p>\n\n\n\n<p>Il a \u00e9t\u00e9 scientifiquement prouv\u00e9 que les personnes vivant avec le VIH qui suivent un traitement efficace et qui ont maintenu une charge virale ind\u00e9tectable pendant au moins six mois ne peuvent pas transmettre le VIH \u00e0 leurs partenaires sexuels. La plupart des personnes vivant avec le VIH peuvent atteindre une charge virale ind\u00e9tectable dans les six mois suivant le d\u00e9but du traitement antir\u00e9troviral.<\/p>\n\n\n\n<p>Sensibiliser le public au message \u00ab ind\u00e9tectable = intransmissible \u00bb ou \u00ab I = I \u00bb est essentiel pour d\u00e9stigmatiser le VIH et r\u00e9duire la discrimination contre les personnes vivant avec le VIH.<\/p>\n\n\n\n<figure class=\"wp-block-embed is-type-video is-provider-youtube wp-block-embed-youtube wp-embed-aspect-16-9 wp-has-aspect-ratio\"><div class=\"wp-block-embed__wrapper\">\n<iframe loading=\"lazy\" title=\"Global Lessons, Global Actions: Jade Elektra\" width=\"500\" height=\"281\" src=\"https:\/\/www.youtube.com\/embed\/k1JAeiJo-xg?feature=oembed\" frameborder=\"0\" allow=\"accelerometer; autoplay; clipboard-write; encrypted-media; gyroscope; picture-in-picture; web-share\" referrerpolicy=\"strict-origin-when-cross-origin\" allowfullscreen><\/iframe>\n<\/div><\/figure>\n\n\n\n<div class=\"video-title\">\n  <div class=\"video-title-name\">Jade Elektra<\/div>\n  <div class=\"video-title-location\">Toronto (Ontario)<\/div>\n<\/div>\n\n\n\n<h2 class=\"wp-block-heading\">Apprenez-en davantage au sujet de I = I<\/h2>\n\n\n\n<ul class=\"wp-block-list\">\n<li><a href=\"https:\/\/www.catie.ca\/fr\/ii-guide-a-lintention-des-fournisseurs-de-services\"><strong>I=I : Guide \u00e0 l\u2019intention des fournisseurs de services<\/strong><\/a><\/li>\n<\/ul>\n\n\n\n<p><\/p>\n","protected":false},"excerpt":{"rendered":"<p>Lorsque le VIH est ind\u00e9tectable, il est intransmissible. Lorsque les personnes vivant avec le VIH suivent un traitement antir\u00e9troviral comme prescrit, leur charge virale &#8211; la quantit\u00e9 de VIH dans leur sang &#8211; devient si faible qu&rsquo;elle est ind\u00e9tectable par un test sanguin standard. Il a \u00e9t\u00e9 scientifiquement prouv\u00e9 que les personnes vivant avec le [&hellip;]<\/p>\n","protected":false},"author":3,"featured_media":0,"parent":0,"menu_order":0,"comment_status":"closed","ping_status":"closed","template":"","meta":{"_acf_changed":true,"footnotes":""},"class_list":["post-862","page","type-page","status-publish","hentry"],"acf":[],"yoast_head":"<!-- This site is optimized with the Yoast SEO plugin v27.2 - https:\/\/yoast.com\/product\/yoast-seo-wordpress\/ -->\n<title>I = I - SIDA Canada<\/title>\n<meta name=\"robots\" content=\"index, follow, max-snippet:-1, max-image-preview:large, max-video-preview:-1\" \/>\n<link rel=\"canonical\" href=\"https:\/\/www.aidscanada.ca\/fr\/i-i\/\" \/>\n<meta property=\"og:locale\" content=\"fr_FR\" \/>\n<meta property=\"og:type\" content=\"article\" \/>\n<meta property=\"og:title\" content=\"I = I - SIDA Canada\" \/>\n<meta property=\"og:description\" content=\"Lorsque le VIH est ind\u00e9tectable, il est intransmissible. Lorsque les personnes vivant avec le VIH suivent un traitement antir\u00e9troviral comme prescrit, leur charge virale &#8211; la quantit\u00e9 de VIH dans leur sang &#8211; devient si faible qu&rsquo;elle est ind\u00e9tectable par un test sanguin standard. Il a \u00e9t\u00e9 scientifiquement prouv\u00e9 que les personnes vivant avec le [&hellip;]\" \/>\n<meta property=\"og:url\" content=\"https:\/\/www.aidscanada.ca\/fr\/i-i\/\" \/>\n<meta property=\"og:site_name\" content=\"SIDA Canada\" \/>\n<meta property=\"article:modified_time\" content=\"2025-03-05T17:15:07+00:00\" \/>\n<meta name=\"twitter:card\" content=\"summary_large_image\" \/>\n<meta name=\"twitter:label1\" content=\"Dur\u00e9e de lecture estim\u00e9e\" \/>\n\t<meta name=\"twitter:data1\" content=\"1 minute\" \/>\n<script type=\"application\/ld+json\" class=\"yoast-schema-graph\">{\"@context\":\"https:\/\/schema.org\",\"@graph\":[{\"@type\":\"WebPage\",\"@id\":\"https:\/\/www.aidscanada.ca\/fr\/i-i\/\",\"url\":\"https:\/\/www.aidscanada.ca\/fr\/i-i\/\",\"name\":\"I = I - SIDA Canada\",\"isPartOf\":{\"@id\":\"https:\/\/www.aidscanada.ca\/fr\/#website\"},\"datePublished\":\"2025-02-04T19:22:37+00:00\",\"dateModified\":\"2025-03-05T17:15:07+00:00\",\"breadcrumb\":{\"@id\":\"https:\/\/www.aidscanada.ca\/fr\/i-i\/#breadcrumb\"},\"inLanguage\":\"fr-FR\",\"potentialAction\":[{\"@type\":\"ReadAction\",\"target\":[\"https:\/\/www.aidscanada.ca\/fr\/i-i\/\"]}]},{\"@type\":\"BreadcrumbList\",\"@id\":\"https:\/\/www.aidscanada.ca\/fr\/i-i\/#breadcrumb\",\"itemListElement\":[{\"@type\":\"ListItem\",\"position\":1,\"name\":\"Accueil\",\"item\":\"https:\/\/www.aidscanada.ca\/fr\/\"},{\"@type\":\"ListItem\",\"position\":2,\"name\":\"I = I\"}]},{\"@type\":\"WebSite\",\"@id\":\"https:\/\/www.aidscanada.ca\/fr\/#website\",\"url\":\"https:\/\/www.aidscanada.ca\/fr\/\",\"name\":\"AIDS Canada\",\"description\":\"Empowering Communities: Leaving No One Behind\",\"publisher\":{\"@id\":\"https:\/\/www.aidscanada.ca\/fr\/#organization\"},\"potentialAction\":[{\"@type\":\"SearchAction\",\"target\":{\"@type\":\"EntryPoint\",\"urlTemplate\":\"https:\/\/www.aidscanada.ca\/fr\/?s={search_term_string}\"},\"query-input\":{\"@type\":\"PropertyValueSpecification\",\"valueRequired\":true,\"valueName\":\"search_term_string\"}}],\"inLanguage\":\"fr-FR\"},{\"@type\":\"Organization\",\"@id\":\"https:\/\/www.aidscanada.ca\/fr\/#organization\",\"name\":\"AIDS Canada\",\"url\":\"https:\/\/www.aidscanada.ca\/fr\/\",\"logo\":{\"@type\":\"ImageObject\",\"inLanguage\":\"fr-FR\",\"@id\":\"https:\/\/www.aidscanada.ca\/fr\/#\/schema\/logo\/image\/\",\"url\":\"https:\/\/www.aidscanada.ca\/wp-content\/uploads\/2025\/01\/cropped-leaf-1.png\",\"contentUrl\":\"https:\/\/www.aidscanada.ca\/wp-content\/uploads\/2025\/01\/cropped-leaf-1.png\",\"width\":512,\"height\":512,\"caption\":\"AIDS Canada\"},\"image\":{\"@id\":\"https:\/\/www.aidscanada.ca\/fr\/#\/schema\/logo\/image\/\"}}]}<\/script>\n<!-- \/ Yoast SEO plugin. -->","yoast_head_json":{"title":"I = I - SIDA Canada","robots":{"index":"index","follow":"follow","max-snippet":"max-snippet:-1","max-image-preview":"max-image-preview:large","max-video-preview":"max-video-preview:-1"},"canonical":"https:\/\/www.aidscanada.ca\/fr\/i-i\/","og_locale":"fr_FR","og_type":"article","og_title":"I = I - SIDA Canada","og_description":"Lorsque le VIH est ind\u00e9tectable, il est intransmissible. Lorsque les personnes vivant avec le VIH suivent un traitement antir\u00e9troviral comme prescrit, leur charge virale &#8211; la quantit\u00e9 de VIH dans leur sang &#8211; devient si faible qu&rsquo;elle est ind\u00e9tectable par un test sanguin standard. Il a \u00e9t\u00e9 scientifiquement prouv\u00e9 que les personnes vivant avec le [&hellip;]","og_url":"https:\/\/www.aidscanada.ca\/fr\/i-i\/","og_site_name":"SIDA Canada","article_modified_time":"2025-03-05T17:15:07+00:00","twitter_card":"summary_large_image","twitter_misc":{"Dur\u00e9e de lecture estim\u00e9e":"1 minute"},"schema":{"@context":"https:\/\/schema.org","@graph":[{"@type":"WebPage","@id":"https:\/\/www.aidscanada.ca\/fr\/i-i\/","url":"https:\/\/www.aidscanada.ca\/fr\/i-i\/","name":"I = I - SIDA Canada","isPartOf":{"@id":"https:\/\/www.aidscanada.ca\/fr\/#website"},"datePublished":"2025-02-04T19:22:37+00:00","dateModified":"2025-03-05T17:15:07+00:00","breadcrumb":{"@id":"https:\/\/www.aidscanada.ca\/fr\/i-i\/#breadcrumb"},"inLanguage":"fr-FR","potentialAction":[{"@type":"ReadAction","target":["https:\/\/www.aidscanada.ca\/fr\/i-i\/"]}]},{"@type":"BreadcrumbList","@id":"https:\/\/www.aidscanada.ca\/fr\/i-i\/#breadcrumb","itemListElement":[{"@type":"ListItem","position":1,"name":"Accueil","item":"https:\/\/www.aidscanada.ca\/fr\/"},{"@type":"ListItem","position":2,"name":"I = I"}]},{"@type":"WebSite","@id":"https:\/\/www.aidscanada.ca\/fr\/#website","url":"https:\/\/www.aidscanada.ca\/fr\/","name":"AIDS Canada","description":"Empowering Communities: Leaving No One Behind","publisher":{"@id":"https:\/\/www.aidscanada.ca\/fr\/#organization"},"potentialAction":[{"@type":"SearchAction","target":{"@type":"EntryPoint","urlTemplate":"https:\/\/www.aidscanada.ca\/fr\/?s={search_term_string}"},"query-input":{"@type":"PropertyValueSpecification","valueRequired":true,"valueName":"search_term_string"}}],"inLanguage":"fr-FR"},{"@type":"Organization","@id":"https:\/\/www.aidscanada.ca\/fr\/#organization","name":"AIDS Canada","url":"https:\/\/www.aidscanada.ca\/fr\/","logo":{"@type":"ImageObject","inLanguage":"fr-FR","@id":"https:\/\/www.aidscanada.ca\/fr\/#\/schema\/logo\/image\/","url":"https:\/\/www.aidscanada.ca\/wp-content\/uploads\/2025\/01\/cropped-leaf-1.png","contentUrl":"https:\/\/www.aidscanada.ca\/wp-content\/uploads\/2025\/01\/cropped-leaf-1.png","width":512,"height":512,"caption":"AIDS Canada"},"image":{"@id":"https:\/\/www.aidscanada.ca\/fr\/#\/schema\/logo\/image\/"}}]}},"_links":{"self":[{"href":"https:\/\/www.aidscanada.ca\/fr\/wp-json\/wp\/v2\/pages\/862","targetHints":{"allow":["GET"]}}],"collection":[{"href":"https:\/\/www.aidscanada.ca\/fr\/wp-json\/wp\/v2\/pages"}],"about":[{"href":"https:\/\/www.aidscanada.ca\/fr\/wp-json\/wp\/v2\/types\/page"}],"author":[{"embeddable":true,"href":"https:\/\/www.aidscanada.ca\/fr\/wp-json\/wp\/v2\/users\/3"}],"replies":[{"embeddable":true,"href":"https:\/\/www.aidscanada.ca\/fr\/wp-json\/wp\/v2\/comments?post=862"}],"version-history":[{"count":0,"href":"https:\/\/www.aidscanada.ca\/fr\/wp-json\/wp\/v2\/pages\/862\/revisions"}],"wp:attachment":[{"href":"https:\/\/www.aidscanada.ca\/fr\/wp-json\/wp\/v2\/media?parent=862"}],"curies":[{"name":"wp","href":"https:\/\/api.w.org\/{rel}","templated":true}]}}