{"id":864,"date":"2025-02-21T10:11:20","date_gmt":"2025-02-21T15:11:20","guid":{"rendered":"https:\/\/www.aidscanada.ca\/?page_id=864"},"modified":"2025-02-21T10:14:58","modified_gmt":"2025-02-21T15:14:58","slug":"reduction-des-mefaits","status":"publish","type":"page","link":"https:\/\/www.aidscanada.ca\/fr\/reduction-des-mefaits\/","title":{"rendered":"R\u00e9duction des m\u00e9faits"},"content":{"rendered":"\n<figure class=\"wp-block-embed is-type-video is-provider-youtube wp-block-embed-youtube wp-embed-aspect-16-9 wp-has-aspect-ratio\"><div class=\"wp-block-embed__wrapper\">\n<iframe loading=\"lazy\" title=\"Global Lessons, Local Actions: Gabriel Jarquin\" width=\"500\" height=\"281\" src=\"https:\/\/www.youtube.com\/embed\/GZtGoPiC810?feature=oembed\" frameborder=\"0\" allow=\"accelerometer; autoplay; clipboard-write; encrypted-media; gyroscope; picture-in-picture; web-share\" referrerpolicy=\"strict-origin-when-cross-origin\" allowfullscreen><\/iframe>\n<\/div><\/figure>\n\n\n\n<div class=\"video-title\">\n  <div class=\"video-title-name\">Gabriel Jarquin<\/div>\n  <div class=\"video-title-location\">Toronto (Ontario)<\/div>\n<\/div>\n\n\n\n<h2 class=\"wp-block-heading\">La r\u00e9duction des m\u00e9faits permet de sauver des vies<\/h2>\n\n\n\n<p>La r\u00e9duction des m\u00e9faits fait r\u00e9f\u00e9rence aux politiques, programmes et pratiques qui visent \u00e0 minimiser les impacts sanitaires et sociaux n\u00e9gatifs associ\u00e9s \u00e0 la consommation de drogues plut\u00f4t qu&rsquo;\u00e0 \u00e9liminer la consommation de drogues elle-m\u00eame.<\/p>\n\n\n\n<p>Elle met l&rsquo;accent sur les changements positifs et sur le travail avec les gens sans jugement ni discrimination.<\/p>\n\n\n\n<p>Les approches fond\u00e9es sur des donn\u00e9es probantes, comme la naloxone, la th\u00e9rapie de remplacement des opio\u00efdes, les sites de pr\u00e9vention des surdoses, la sensibilisation et l&rsquo;\u00e9ducation, ne sont que quelques-unes des fa\u00e7ons dont les gens se prot\u00e8gent.<\/p>\n\n\n\n<p>Des fournitures d&rsquo;injection et de fumage plus sures sont essentielles pour pr\u00e9venir le VIH, l&rsquo;h\u00e9patite C et d&rsquo;autres maladies infectieuses qui peuvent facilement se propager parmi les toxicomanes. Les sites de distribution d&rsquo;approvisionnement s\u00fbr offrent \u00e9galement des points de contact importants et des occasions d&rsquo;intervention.<\/p>\n\n\n\n<h2 class=\"wp-block-heading\">Pour en savoir davantage au sujet de la r\u00e9duction des m\u00e9faits<\/h2>\n\n\n\n<ul class=\"wp-block-list\">\n<li><a href=\"https:\/\/www.catie.ca\/fr\/prevention-reduction-des-mefaits\/reduction-des-mefaits-en-general\" target=\"_blank\" rel=\"noreferrer noopener\"><strong>R\u00e9duction des m\u00e9faits en g\u00e9n\u00e9ral<\/strong><\/a><\/li>\n\n\n\n<li><a href=\"https:\/\/www.catie.ca\/fr\/prevention-methodes-de-prevention\/fournitures-pour-fumer-et-sinjecter-de-facon-plus-securitaire\" target=\"_blank\" rel=\"noreferrer noopener\"><strong>Fournitures pour fumer et s\u2019injecter de fa\u00e7on plus s\u00e9curitaire<\/strong><\/a><\/li>\n\n\n\n<li><a href=\"https:\/\/www.catie.ca\/fr\/prevention-methodes-de-prevention\/les-services-de-consommation-supervisee-les-sites-de-prevention\" target=\"_blank\" rel=\"noreferrer noopener\"><strong>Les services de consommation supervis\u00e9e \/ Les sites de pr\u00e9vention des surdoses<\/strong><\/a><\/li>\n\n\n\n<li><a href=\"http:\/\/www.bccdc.ca\/our-services\/programs\/harm-reduction\"><strong>Harm reduction services<\/strong><\/a><\/li>\n<\/ul>\n\n\n\n<p><\/p>\n","protected":false},"excerpt":{"rendered":"<p>La r\u00e9duction des m\u00e9faits permet de sauver des vies La r\u00e9duction des m\u00e9faits fait r\u00e9f\u00e9rence aux politiques, programmes et pratiques qui visent \u00e0 minimiser les impacts sanitaires et sociaux n\u00e9gatifs associ\u00e9s \u00e0 la consommation de drogues plut\u00f4t qu&rsquo;\u00e0 \u00e9liminer la consommation de drogues elle-m\u00eame. Elle met l&rsquo;accent sur les changements positifs et sur le travail [&hellip;]<\/p>\n","protected":false},"author":3,"featured_media":0,"parent":0,"menu_order":0,"comment_status":"closed","ping_status":"closed","template":"","meta":{"_acf_changed":true,"footnotes":""},"class_list":["post-864","page","type-page","status-publish","hentry"],"acf":[],"yoast_head":"<!-- This site is optimized with the Yoast SEO plugin v27.4 - https:\/\/yoast.com\/product\/yoast-seo-wordpress\/ -->\n<title>R\u00e9duction des m\u00e9faits - SIDA Canada<\/title>\n<meta name=\"robots\" content=\"index, follow, max-snippet:-1, max-image-preview:large, max-video-preview:-1\" \/>\n<link rel=\"canonical\" href=\"https:\/\/www.aidscanada.ca\/fr\/reduction-des-mefaits\/\" \/>\n<meta property=\"og:locale\" content=\"fr_FR\" \/>\n<meta property=\"og:type\" content=\"article\" \/>\n<meta property=\"og:title\" content=\"R\u00e9duction des m\u00e9faits - SIDA Canada\" \/>\n<meta property=\"og:description\" content=\"La r\u00e9duction des m\u00e9faits permet de sauver des vies La r\u00e9duction des m\u00e9faits fait r\u00e9f\u00e9rence aux politiques, programmes et pratiques qui visent \u00e0 minimiser les impacts sanitaires et sociaux n\u00e9gatifs associ\u00e9s \u00e0 la consommation de drogues plut\u00f4t qu&rsquo;\u00e0 \u00e9liminer la consommation de drogues elle-m\u00eame. Elle met l&rsquo;accent sur les changements positifs et sur le travail [&hellip;]\" \/>\n<meta property=\"og:url\" content=\"https:\/\/www.aidscanada.ca\/fr\/reduction-des-mefaits\/\" \/>\n<meta property=\"og:site_name\" content=\"SIDA Canada\" \/>\n<meta property=\"article:modified_time\" content=\"2025-02-21T15:14:58+00:00\" \/>\n<meta name=\"twitter:card\" content=\"summary_large_image\" \/>\n<meta name=\"twitter:label1\" content=\"Dur\u00e9e de lecture estim\u00e9e\" \/>\n\t<meta name=\"twitter:data1\" content=\"1 minute\" \/>\n<script type=\"application\/ld+json\" class=\"yoast-schema-graph\">{\"@context\":\"https:\\\/\\\/schema.org\",\"@graph\":[{\"@type\":\"WebPage\",\"@id\":\"https:\\\/\\\/www.aidscanada.ca\\\/fr\\\/reduction-des-mefaits\\\/\",\"url\":\"https:\\\/\\\/www.aidscanada.ca\\\/fr\\\/reduction-des-mefaits\\\/\",\"name\":\"R\u00e9duction des m\u00e9faits - SIDA Canada\",\"isPartOf\":{\"@id\":\"https:\\\/\\\/www.aidscanada.ca\\\/fr\\\/#website\"},\"datePublished\":\"2025-02-21T15:11:20+00:00\",\"dateModified\":\"2025-02-21T15:14:58+00:00\",\"breadcrumb\":{\"@id\":\"https:\\\/\\\/www.aidscanada.ca\\\/fr\\\/reduction-des-mefaits\\\/#breadcrumb\"},\"inLanguage\":\"fr-FR\",\"potentialAction\":[{\"@type\":\"ReadAction\",\"target\":[\"https:\\\/\\\/www.aidscanada.ca\\\/fr\\\/reduction-des-mefaits\\\/\"]}]},{\"@type\":\"BreadcrumbList\",\"@id\":\"https:\\\/\\\/www.aidscanada.ca\\\/fr\\\/reduction-des-mefaits\\\/#breadcrumb\",\"itemListElement\":[{\"@type\":\"ListItem\",\"position\":1,\"name\":\"Accueil\",\"item\":\"https:\\\/\\\/www.aidscanada.ca\\\/fr\\\/\"},{\"@type\":\"ListItem\",\"position\":2,\"name\":\"R\u00e9duction des m\u00e9faits\"}]},{\"@type\":\"WebSite\",\"@id\":\"https:\\\/\\\/www.aidscanada.ca\\\/fr\\\/#website\",\"url\":\"https:\\\/\\\/www.aidscanada.ca\\\/fr\\\/\",\"name\":\"AIDS Canada\",\"description\":\"Empowering Communities: Leaving No One Behind\",\"publisher\":{\"@id\":\"https:\\\/\\\/www.aidscanada.ca\\\/fr\\\/#organization\"},\"potentialAction\":[{\"@type\":\"SearchAction\",\"target\":{\"@type\":\"EntryPoint\",\"urlTemplate\":\"https:\\\/\\\/www.aidscanada.ca\\\/fr\\\/?s={search_term_string}\"},\"query-input\":{\"@type\":\"PropertyValueSpecification\",\"valueRequired\":true,\"valueName\":\"search_term_string\"}}],\"inLanguage\":\"fr-FR\"},{\"@type\":\"Organization\",\"@id\":\"https:\\\/\\\/www.aidscanada.ca\\\/fr\\\/#organization\",\"name\":\"AIDS Canada\",\"url\":\"https:\\\/\\\/www.aidscanada.ca\\\/fr\\\/\",\"logo\":{\"@type\":\"ImageObject\",\"inLanguage\":\"fr-FR\",\"@id\":\"https:\\\/\\\/www.aidscanada.ca\\\/fr\\\/#\\\/schema\\\/logo\\\/image\\\/\",\"url\":\"https:\\\/\\\/www.aidscanada.ca\\\/wp-content\\\/uploads\\\/2025\\\/01\\\/cropped-leaf-1.png\",\"contentUrl\":\"https:\\\/\\\/www.aidscanada.ca\\\/wp-content\\\/uploads\\\/2025\\\/01\\\/cropped-leaf-1.png\",\"width\":512,\"height\":512,\"caption\":\"AIDS Canada\"},\"image\":{\"@id\":\"https:\\\/\\\/www.aidscanada.ca\\\/fr\\\/#\\\/schema\\\/logo\\\/image\\\/\"}}]}<\/script>\n<!-- \/ Yoast SEO plugin. -->","yoast_head_json":{"title":"R\u00e9duction des m\u00e9faits - SIDA Canada","robots":{"index":"index","follow":"follow","max-snippet":"max-snippet:-1","max-image-preview":"max-image-preview:large","max-video-preview":"max-video-preview:-1"},"canonical":"https:\/\/www.aidscanada.ca\/fr\/reduction-des-mefaits\/","og_locale":"fr_FR","og_type":"article","og_title":"R\u00e9duction des m\u00e9faits - SIDA Canada","og_description":"La r\u00e9duction des m\u00e9faits permet de sauver des vies La r\u00e9duction des m\u00e9faits fait r\u00e9f\u00e9rence aux politiques, programmes et pratiques qui visent \u00e0 minimiser les impacts sanitaires et sociaux n\u00e9gatifs associ\u00e9s \u00e0 la consommation de drogues plut\u00f4t qu&rsquo;\u00e0 \u00e9liminer la consommation de drogues elle-m\u00eame. Elle met l&rsquo;accent sur les changements positifs et sur le travail [&hellip;]","og_url":"https:\/\/www.aidscanada.ca\/fr\/reduction-des-mefaits\/","og_site_name":"SIDA Canada","article_modified_time":"2025-02-21T15:14:58+00:00","twitter_card":"summary_large_image","twitter_misc":{"Dur\u00e9e de lecture estim\u00e9e":"1 minute"},"schema":{"@context":"https:\/\/schema.org","@graph":[{"@type":"WebPage","@id":"https:\/\/www.aidscanada.ca\/fr\/reduction-des-mefaits\/","url":"https:\/\/www.aidscanada.ca\/fr\/reduction-des-mefaits\/","name":"R\u00e9duction des m\u00e9faits - SIDA Canada","isPartOf":{"@id":"https:\/\/www.aidscanada.ca\/fr\/#website"},"datePublished":"2025-02-21T15:11:20+00:00","dateModified":"2025-02-21T15:14:58+00:00","breadcrumb":{"@id":"https:\/\/www.aidscanada.ca\/fr\/reduction-des-mefaits\/#breadcrumb"},"inLanguage":"fr-FR","potentialAction":[{"@type":"ReadAction","target":["https:\/\/www.aidscanada.ca\/fr\/reduction-des-mefaits\/"]}]},{"@type":"BreadcrumbList","@id":"https:\/\/www.aidscanada.ca\/fr\/reduction-des-mefaits\/#breadcrumb","itemListElement":[{"@type":"ListItem","position":1,"name":"Accueil","item":"https:\/\/www.aidscanada.ca\/fr\/"},{"@type":"ListItem","position":2,"name":"R\u00e9duction des m\u00e9faits"}]},{"@type":"WebSite","@id":"https:\/\/www.aidscanada.ca\/fr\/#website","url":"https:\/\/www.aidscanada.ca\/fr\/","name":"AIDS Canada","description":"Empowering Communities: Leaving No One Behind","publisher":{"@id":"https:\/\/www.aidscanada.ca\/fr\/#organization"},"potentialAction":[{"@type":"SearchAction","target":{"@type":"EntryPoint","urlTemplate":"https:\/\/www.aidscanada.ca\/fr\/?s={search_term_string}"},"query-input":{"@type":"PropertyValueSpecification","valueRequired":true,"valueName":"search_term_string"}}],"inLanguage":"fr-FR"},{"@type":"Organization","@id":"https:\/\/www.aidscanada.ca\/fr\/#organization","name":"AIDS Canada","url":"https:\/\/www.aidscanada.ca\/fr\/","logo":{"@type":"ImageObject","inLanguage":"fr-FR","@id":"https:\/\/www.aidscanada.ca\/fr\/#\/schema\/logo\/image\/","url":"https:\/\/www.aidscanada.ca\/wp-content\/uploads\/2025\/01\/cropped-leaf-1.png","contentUrl":"https:\/\/www.aidscanada.ca\/wp-content\/uploads\/2025\/01\/cropped-leaf-1.png","width":512,"height":512,"caption":"AIDS Canada"},"image":{"@id":"https:\/\/www.aidscanada.ca\/fr\/#\/schema\/logo\/image\/"}}]}},"_links":{"self":[{"href":"https:\/\/www.aidscanada.ca\/fr\/wp-json\/wp\/v2\/pages\/864","targetHints":{"allow":["GET"]}}],"collection":[{"href":"https:\/\/www.aidscanada.ca\/fr\/wp-json\/wp\/v2\/pages"}],"about":[{"href":"https:\/\/www.aidscanada.ca\/fr\/wp-json\/wp\/v2\/types\/page"}],"author":[{"embeddable":true,"href":"https:\/\/www.aidscanada.ca\/fr\/wp-json\/wp\/v2\/users\/3"}],"replies":[{"embeddable":true,"href":"https:\/\/www.aidscanada.ca\/fr\/wp-json\/wp\/v2\/comments?post=864"}],"version-history":[{"count":0,"href":"https:\/\/www.aidscanada.ca\/fr\/wp-json\/wp\/v2\/pages\/864\/revisions"}],"wp:attachment":[{"href":"https:\/\/www.aidscanada.ca\/fr\/wp-json\/wp\/v2\/media?parent=864"}],"curies":[{"name":"wp","href":"https:\/\/api.w.org\/{rel}","templated":true}]}}