{"id":869,"date":"2025-02-21T10:45:23","date_gmt":"2025-02-21T15:45:23","guid":{"rendered":"https:\/\/www.aidscanada.ca\/?page_id=869"},"modified":"2025-02-21T10:59:53","modified_gmt":"2025-02-21T15:59:53","slug":"auto-test","status":"publish","type":"page","link":"https:\/\/www.aidscanada.ca\/fr\/auto-test\/","title":{"rendered":"Auto-test"},"content":{"rendered":"\n<figure class=\"wp-block-embed is-type-video is-provider-youtube wp-block-embed-youtube wp-embed-aspect-16-9 wp-has-aspect-ratio\"><div class=\"wp-block-embed__wrapper\">\n<iframe loading=\"lazy\" title=\"Global Lessons, Local Actions: Trevor Stratton\" width=\"500\" height=\"281\" src=\"https:\/\/www.youtube.com\/embed\/SO2c8HFu44U?feature=oembed\" frameborder=\"0\" allow=\"accelerometer; autoplay; clipboard-write; encrypted-media; gyroscope; picture-in-picture; web-share\" referrerpolicy=\"strict-origin-when-cross-origin\" allowfullscreen><\/iframe>\n<\/div><\/figure>\n\n\n\n<div class=\"video-title\">\n  <div class=\"video-title-name\">Trevor Stratton<\/div>\n  <div class=\"video-title-location\">Toronto (Ontario)<\/div>\n<\/div>\n\n\n\n<h2 class=\"wp-block-heading\">Les trousses de d\u2019autod\u00e9pistage du VIH permettent aux personnes de conna\u00eetre leur statut s\u00e9rologique dans un cadre priv\u00e9 ou avec le soutien d&rsquo;une personne en qui elles ont confiance.<\/h2>\n\n\n\n<p>Avec une trousse d\u2019autod\u00e9pistage, une personne pr\u00e9l\u00e8ve son propre \u00e9chantillon, effectue le test et interpr\u00e8te elle-m\u00eame le r\u00e9sultat. L&rsquo;autotest disponible au Canada utilise un \u00e9chantillon de sang provenant d&rsquo;une piqure au doigt. Si une personne est d\u00e9clar\u00e9e positive, il est important qu&rsquo;elle demande un test de confirmation.<\/p>\n\n\n\n<p>L&rsquo;autotest peut \u00eatre un outil permettant aux personnes de prendre le contr\u00f4le de leur sant\u00e9, d&rsquo;acc\u00e9der \u00e0 des soins et \u00e0 un soutien, ou de faire des choix pour pr\u00e9venir le VIH et s&rsquo;assurer qu&rsquo;elles vivent longtemps et en bonne sant\u00e9.<\/p>\n\n\n\n<figure class=\"wp-block-embed is-type-video is-provider-youtube wp-block-embed-youtube wp-embed-aspect-16-9 wp-has-aspect-ratio\"><div class=\"wp-block-embed__wrapper\">\n<iframe loading=\"lazy\" title=\"Global Lessons, Local Actions: Ashley Rose Murphy\" width=\"500\" height=\"281\" src=\"https:\/\/www.youtube.com\/embed\/T9YYlo7oqvY?feature=oembed\" frameborder=\"0\" allow=\"accelerometer; autoplay; clipboard-write; encrypted-media; gyroscope; picture-in-picture; web-share\" referrerpolicy=\"strict-origin-when-cross-origin\" allowfullscreen><\/iframe>\n<\/div><\/figure>\n\n\n\n<div class=\"video-title\">\n  <div class=\"video-title-name\">Ashley Rose Murphy<\/div>\n  <div class=\"video-title-location\">Toronto (Ontario)<\/div>\n<\/div>\n\n\n\n<h2 class=\"wp-block-heading\">Pour en savoir davantage au sujet des trousses d\u2019autod\u00e9pistage<\/h2>\n\n\n\n<ul class=\"wp-block-list\">\n<li><a href=\"https:\/\/www.readytoknow.ca\/fr\/home-francais\/\" target=\"_blank\" rel=\"noreferrer noopener\"><strong>J&rsquo;agis<\/strong><\/a><\/li>\n\n\n\n<li><a href=\"https:\/\/www.catie.ca\/fr\/lautodepistage-du-vih\" target=\"_blank\" rel=\"noreferrer noopener\"><strong>L\u2019autod\u00e9pistage du VIH<\/strong><\/a><\/li>\n\n\n\n<li><a href=\"https:\/\/www.canada.ca\/fr\/sante-publique\/services\/publications\/maladies-et-affections\/vih-fiche-information-types-tests-depistage.html\" target=\"_blank\" rel=\"noreferrer noopener\"><strong>Approche de d\u00e9pistage du VIH<\/strong><\/a><\/li>\n<\/ul>\n\n\n\n<p><\/p>\n","protected":false},"excerpt":{"rendered":"<p>Les trousses de d\u2019autod\u00e9pistage du VIH permettent aux personnes de conna\u00eetre leur statut s\u00e9rologique dans un cadre priv\u00e9 ou avec le soutien d&rsquo;une personne en qui elles ont confiance. Avec une trousse d\u2019autod\u00e9pistage, une personne pr\u00e9l\u00e8ve son propre \u00e9chantillon, effectue le test et interpr\u00e8te elle-m\u00eame le r\u00e9sultat. L&rsquo;autotest disponible au Canada utilise un \u00e9chantillon de [&hellip;]<\/p>\n","protected":false},"author":3,"featured_media":0,"parent":0,"menu_order":0,"comment_status":"closed","ping_status":"closed","template":"","meta":{"_acf_changed":true,"footnotes":""},"class_list":["post-869","page","type-page","status-publish","hentry"],"acf":[],"yoast_head":"<!-- This site is optimized with the Yoast SEO plugin v27.2 - https:\/\/yoast.com\/product\/yoast-seo-wordpress\/ -->\n<title>Auto-test - SIDA Canada<\/title>\n<meta name=\"robots\" content=\"index, follow, max-snippet:-1, max-image-preview:large, max-video-preview:-1\" \/>\n<link rel=\"canonical\" href=\"https:\/\/www.aidscanada.ca\/fr\/auto-test\/\" \/>\n<meta property=\"og:locale\" content=\"fr_FR\" \/>\n<meta property=\"og:type\" content=\"article\" \/>\n<meta property=\"og:title\" content=\"Auto-test - SIDA Canada\" \/>\n<meta property=\"og:description\" content=\"Les trousses de d\u2019autod\u00e9pistage du VIH permettent aux personnes de conna\u00eetre leur statut s\u00e9rologique dans un cadre priv\u00e9 ou avec le soutien d&rsquo;une personne en qui elles ont confiance. Avec une trousse d\u2019autod\u00e9pistage, une personne pr\u00e9l\u00e8ve son propre \u00e9chantillon, effectue le test et interpr\u00e8te elle-m\u00eame le r\u00e9sultat. L&rsquo;autotest disponible au Canada utilise un \u00e9chantillon de [&hellip;]\" \/>\n<meta property=\"og:url\" content=\"https:\/\/www.aidscanada.ca\/fr\/auto-test\/\" \/>\n<meta property=\"og:site_name\" content=\"SIDA Canada\" \/>\n<meta property=\"article:modified_time\" content=\"2025-02-21T15:59:53+00:00\" \/>\n<meta name=\"twitter:card\" content=\"summary_large_image\" \/>\n<meta name=\"twitter:label1\" content=\"Dur\u00e9e de lecture estim\u00e9e\" \/>\n\t<meta name=\"twitter:data1\" content=\"1 minute\" \/>\n<script type=\"application\/ld+json\" class=\"yoast-schema-graph\">{\"@context\":\"https:\/\/schema.org\",\"@graph\":[{\"@type\":\"WebPage\",\"@id\":\"https:\/\/www.aidscanada.ca\/fr\/auto-test\/\",\"url\":\"https:\/\/www.aidscanada.ca\/fr\/auto-test\/\",\"name\":\"Auto-test - SIDA Canada\",\"isPartOf\":{\"@id\":\"https:\/\/www.aidscanada.ca\/fr\/#website\"},\"datePublished\":\"2025-02-21T15:45:23+00:00\",\"dateModified\":\"2025-02-21T15:59:53+00:00\",\"breadcrumb\":{\"@id\":\"https:\/\/www.aidscanada.ca\/fr\/auto-test\/#breadcrumb\"},\"inLanguage\":\"fr-FR\",\"potentialAction\":[{\"@type\":\"ReadAction\",\"target\":[\"https:\/\/www.aidscanada.ca\/fr\/auto-test\/\"]}]},{\"@type\":\"BreadcrumbList\",\"@id\":\"https:\/\/www.aidscanada.ca\/fr\/auto-test\/#breadcrumb\",\"itemListElement\":[{\"@type\":\"ListItem\",\"position\":1,\"name\":\"Accueil\",\"item\":\"https:\/\/www.aidscanada.ca\/fr\/\"},{\"@type\":\"ListItem\",\"position\":2,\"name\":\"Auto-test\"}]},{\"@type\":\"WebSite\",\"@id\":\"https:\/\/www.aidscanada.ca\/fr\/#website\",\"url\":\"https:\/\/www.aidscanada.ca\/fr\/\",\"name\":\"AIDS Canada\",\"description\":\"Empowering Communities: Leaving No One Behind\",\"publisher\":{\"@id\":\"https:\/\/www.aidscanada.ca\/fr\/#organization\"},\"potentialAction\":[{\"@type\":\"SearchAction\",\"target\":{\"@type\":\"EntryPoint\",\"urlTemplate\":\"https:\/\/www.aidscanada.ca\/fr\/?s={search_term_string}\"},\"query-input\":{\"@type\":\"PropertyValueSpecification\",\"valueRequired\":true,\"valueName\":\"search_term_string\"}}],\"inLanguage\":\"fr-FR\"},{\"@type\":\"Organization\",\"@id\":\"https:\/\/www.aidscanada.ca\/fr\/#organization\",\"name\":\"AIDS Canada\",\"url\":\"https:\/\/www.aidscanada.ca\/fr\/\",\"logo\":{\"@type\":\"ImageObject\",\"inLanguage\":\"fr-FR\",\"@id\":\"https:\/\/www.aidscanada.ca\/fr\/#\/schema\/logo\/image\/\",\"url\":\"https:\/\/www.aidscanada.ca\/wp-content\/uploads\/2025\/01\/cropped-leaf-1.png\",\"contentUrl\":\"https:\/\/www.aidscanada.ca\/wp-content\/uploads\/2025\/01\/cropped-leaf-1.png\",\"width\":512,\"height\":512,\"caption\":\"AIDS Canada\"},\"image\":{\"@id\":\"https:\/\/www.aidscanada.ca\/fr\/#\/schema\/logo\/image\/\"}}]}<\/script>\n<!-- \/ Yoast SEO plugin. -->","yoast_head_json":{"title":"Auto-test - SIDA Canada","robots":{"index":"index","follow":"follow","max-snippet":"max-snippet:-1","max-image-preview":"max-image-preview:large","max-video-preview":"max-video-preview:-1"},"canonical":"https:\/\/www.aidscanada.ca\/fr\/auto-test\/","og_locale":"fr_FR","og_type":"article","og_title":"Auto-test - SIDA Canada","og_description":"Les trousses de d\u2019autod\u00e9pistage du VIH permettent aux personnes de conna\u00eetre leur statut s\u00e9rologique dans un cadre priv\u00e9 ou avec le soutien d&rsquo;une personne en qui elles ont confiance. Avec une trousse d\u2019autod\u00e9pistage, une personne pr\u00e9l\u00e8ve son propre \u00e9chantillon, effectue le test et interpr\u00e8te elle-m\u00eame le r\u00e9sultat. L&rsquo;autotest disponible au Canada utilise un \u00e9chantillon de [&hellip;]","og_url":"https:\/\/www.aidscanada.ca\/fr\/auto-test\/","og_site_name":"SIDA Canada","article_modified_time":"2025-02-21T15:59:53+00:00","twitter_card":"summary_large_image","twitter_misc":{"Dur\u00e9e de lecture estim\u00e9e":"1 minute"},"schema":{"@context":"https:\/\/schema.org","@graph":[{"@type":"WebPage","@id":"https:\/\/www.aidscanada.ca\/fr\/auto-test\/","url":"https:\/\/www.aidscanada.ca\/fr\/auto-test\/","name":"Auto-test - SIDA Canada","isPartOf":{"@id":"https:\/\/www.aidscanada.ca\/fr\/#website"},"datePublished":"2025-02-21T15:45:23+00:00","dateModified":"2025-02-21T15:59:53+00:00","breadcrumb":{"@id":"https:\/\/www.aidscanada.ca\/fr\/auto-test\/#breadcrumb"},"inLanguage":"fr-FR","potentialAction":[{"@type":"ReadAction","target":["https:\/\/www.aidscanada.ca\/fr\/auto-test\/"]}]},{"@type":"BreadcrumbList","@id":"https:\/\/www.aidscanada.ca\/fr\/auto-test\/#breadcrumb","itemListElement":[{"@type":"ListItem","position":1,"name":"Accueil","item":"https:\/\/www.aidscanada.ca\/fr\/"},{"@type":"ListItem","position":2,"name":"Auto-test"}]},{"@type":"WebSite","@id":"https:\/\/www.aidscanada.ca\/fr\/#website","url":"https:\/\/www.aidscanada.ca\/fr\/","name":"AIDS Canada","description":"Empowering Communities: Leaving No One Behind","publisher":{"@id":"https:\/\/www.aidscanada.ca\/fr\/#organization"},"potentialAction":[{"@type":"SearchAction","target":{"@type":"EntryPoint","urlTemplate":"https:\/\/www.aidscanada.ca\/fr\/?s={search_term_string}"},"query-input":{"@type":"PropertyValueSpecification","valueRequired":true,"valueName":"search_term_string"}}],"inLanguage":"fr-FR"},{"@type":"Organization","@id":"https:\/\/www.aidscanada.ca\/fr\/#organization","name":"AIDS Canada","url":"https:\/\/www.aidscanada.ca\/fr\/","logo":{"@type":"ImageObject","inLanguage":"fr-FR","@id":"https:\/\/www.aidscanada.ca\/fr\/#\/schema\/logo\/image\/","url":"https:\/\/www.aidscanada.ca\/wp-content\/uploads\/2025\/01\/cropped-leaf-1.png","contentUrl":"https:\/\/www.aidscanada.ca\/wp-content\/uploads\/2025\/01\/cropped-leaf-1.png","width":512,"height":512,"caption":"AIDS Canada"},"image":{"@id":"https:\/\/www.aidscanada.ca\/fr\/#\/schema\/logo\/image\/"}}]}},"_links":{"self":[{"href":"https:\/\/www.aidscanada.ca\/fr\/wp-json\/wp\/v2\/pages\/869","targetHints":{"allow":["GET"]}}],"collection":[{"href":"https:\/\/www.aidscanada.ca\/fr\/wp-json\/wp\/v2\/pages"}],"about":[{"href":"https:\/\/www.aidscanada.ca\/fr\/wp-json\/wp\/v2\/types\/page"}],"author":[{"embeddable":true,"href":"https:\/\/www.aidscanada.ca\/fr\/wp-json\/wp\/v2\/users\/3"}],"replies":[{"embeddable":true,"href":"https:\/\/www.aidscanada.ca\/fr\/wp-json\/wp\/v2\/comments?post=869"}],"version-history":[{"count":0,"href":"https:\/\/www.aidscanada.ca\/fr\/wp-json\/wp\/v2\/pages\/869\/revisions"}],"wp:attachment":[{"href":"https:\/\/www.aidscanada.ca\/fr\/wp-json\/wp\/v2\/media?parent=869"}],"curies":[{"name":"wp","href":"https:\/\/api.w.org\/{rel}","templated":true}]}}