{"id":876,"date":"2025-02-21T12:34:37","date_gmt":"2025-02-21T17:34:37","guid":{"rendered":"https:\/\/www.aidscanada.ca\/?page_id=876"},"modified":"2025-02-21T12:42:54","modified_gmt":"2025-02-21T17:42:54","slug":"comite-consultatif-national-du-pavillon-du-canada-a-sida-2022","status":"publish","type":"page","link":"https:\/\/www.aidscanada.ca\/fr\/comite-consultatif-national-du-pavillon-du-canada-a-sida-2022\/","title":{"rendered":"Comit\u00e9 consultatif national du Pavillon du Canada \u00e0 SIDA 2022"},"content":{"rendered":"\n<p>AIDS 2022 est une occasion pour le Canada de r\u00e9affirmer son engagement dans la r\u00e9ponse mondiale contre le VIH, l\u2019h\u00e9patite C et les infections transmissibles par le sang; le Pavillon du Canada pr\u00e9sentera les obstacles rencont\u00e9es et surmont\u00e9s, ainsi que les meilleures pratiques li\u00e9es \u00e0 la pr\u00e9vention, au traitement et aux soins. Historiquement, le Pavillon du Canada est dirig\u00e9 par la soci\u00e9t\u00e9 civile avec le soutien du gouvernement du Canada.<\/p>\n\n\n\n<p>Un Comit\u00e9 consultatif national sera form\u00e9 pour soutenir la planification et la pr\u00e9paration du pavillon et des \u00e9v\u00e9nements connexes qui suivront AIDS 2022, et fournir des commentaires sur le th\u00e8me, les messages et les activit\u00e9s du pavillon. Les membres du Comit\u00e9 consultatif national participent \u00e0 la riposte du Canada contre le VIH au pays et \u00e9 l\u2019\u00e9tranger. Les membres du comit\u00e9 repr\u00e9senteront la diversit\u00e9 des acteurs de la riposte canadienne contre le VIH\/sida et comprendront des repr\u00e9sentants(es) de personnes vivant avec le VIH\/sida, d\u2019organisations gouvernementales et non gouvernementales, des fournisseurs de services, des chercheurs(euses), des professionnels(elles) de la sant\u00e9 et d\u2019organisations communautaires.<\/p>\n\n\n\n<ul class=\"wp-block-list\">\n<li>AIDS Vancouver<\/li>\n\n\n\n<li><a href=\"http:\/\/www.blackcap.ca\/\" target=\"_blank\" rel=\"noreferrer noopener\">Black Coalition for AIDS Prevention (Black CAPP)<\/a><\/li>\n\n\n\n<li>\u200b<a href=\"https:\/\/cagh-acsm.org\/fr\" target=\"_blank\" rel=\"noreferrer noopener\">Canadian Association for Global Health (CAGH) | Association canadienne pour la sant\u00e9 mondiale (ACSM)<\/a><\/li>\n\n\n\n<li><a href=\"https:\/\/www.cahr-acrv.ca\/fr\/\" target=\"_blank\" rel=\"noreferrer noopener\">Canadian Association for HIV Research (CAHR) | Association canadienne de recherche sur le VIH (ACRV)<\/a><\/li>\n\n\n\n<li>\u200b<a href=\"https:\/\/canac.org\/fr\/\" target=\"_blank\" rel=\"noreferrer noopener\">Canadian Association of Nurses in HIV\/AIDS Care (CANAC) | L\u2019Association canadienne des infirmi\u00e8res et infirmiers en VIH\/sida (ACIIS)<\/a><\/li>\n\n\n\n<li>Canadian Centre for Gender and Sexual Diversity (CCGSD) | Centre canadien de la diversit\u00e9 des genres et de la sexualit\u00e9 (CCDGS)<\/li>\n\n\n\n<li><a href=\"https:\/\/www.canfar.com\/\" target=\"_blank\" rel=\"noreferrer noopener\">Canadian Foundation for AIDS Research (CANFAR) | Fondation canadienne de recherche sur le sida<\/a><\/li>\n\n\n\n<li><a href=\"https:\/\/cihr-irsc.gc.ca\/\" target=\"_blank\" rel=\"noreferrer noopener\">Canadian Institutes of Health Research (CIHR) | Instituts de recherche en sant\u00e9 du Canada (IRSC)<\/a><\/li>\n\n\n\n<li>Canadian Positive People Network (CPPN) | R\u00e9seau canadien des personnes s\u00e9ropositives (RCPS)<\/li>\n\n\n\n<li><a href=\"https:\/\/caan.ca\/\" target=\"_blank\" rel=\"noreferrer noopener\">Communities, Alliances &amp; Networks (CAAN)<\/a><\/li>\n\n\n\n<li>CIHR Centre for REACH in HIV\/AIDS (REACH 3.0)<\/li>\n\n\n\n<li><a href=\"https:\/\/hivnet.ubc.ca\/\" target=\"_blank\" rel=\"noreferrer noopener\">The CTN &#8211; CIHR Canadian HIV Trials Network<\/a><\/li>\n\n\n\n<li><a href=\"https:\/\/cssspnql.com\/\" target=\"_blank\" rel=\"noreferrer noopener\">Commission de la sant\u00e9 et des services sociaux des Premi\u00e8res Nations du Qu\u00e9bec et du Labrador (CSSSPNQL)<\/a><\/li>\n\n\n\n<li><a href=\"https:\/\/fr.cbrc.net\/\" target=\"_blank\" rel=\"noreferrer noopener\">Community-Based Research Centre (CBRC) | Centre de recherche communautaire<\/a><\/li>\n\n\n\n<li><a href=\"https:\/\/www.drpeter.org\/\" target=\"_blank\" rel=\"noreferrer noopener\">Dr. Peter AIDS Foundation<\/a><\/li>\n\n\n\n<li><a href=\"https:\/\/www.international.gc.ca\/\" target=\"_blank\" rel=\"noreferrer noopener\">Global Affairs Canada | Affaires mondiales Canada<\/a><\/li>\n\n\n\n<li><a href=\"https:\/\/www.gapvies.ca\/\" target=\"_blank\" rel=\"noreferrer noopener\">Groupe d\u2019Action pour la Pr\u00e9vention de la transmission du VIH et l\u2019\u00c9radication du Sida (GAP-VIES)<\/a><\/li>\n\n\n\n<li><a href=\"https:\/\/www.hon93.ca\/\" target=\"_blank\" rel=\"noreferrer noopener\">Healing Our Nations (HON)<\/a><\/li>\n\n\n\n<li><a href=\"https:\/\/www.hivlegalnetwork.ca\/\" target=\"_blank\" rel=\"noreferrer noopener\">HIV Legal Network | R\u00e9seau juridique VIH<\/a><\/li>\n\n\n\n<li><a href=\"https:\/\/maphealth.ca\/\" target=\"_blank\" rel=\"noreferrer noopener\">MAP Centre for Urban Health Solutions, St. Michael\u2019s Hospital<\/a><\/li>\n\n\n\n<li><a href=\"https:\/\/nwac.ca\/\" target=\"_blank\" rel=\"noreferrer noopener\">Native Women\u2019s Association of Canada (NWAC) | Association des femmes autochtones du Canada<\/a><\/li>\n\n\n\n<li><a href=\"https:\/\/www.pasan.org\/\" target=\"_blank\" rel=\"noreferrer noopener\">Prisoners with HIV Support Action Network (PASAN)<\/a><\/li>\n\n\n\n<li><a href=\"https:\/\/www.canada.ca\/fr\/sante-publique.html\" target=\"_blank\" rel=\"noreferrer noopener\">Public Health Agency of Canada | Agence de la sant\u00e9 publique du Canada<\/a><\/li>\n\n\n\n<li><a href=\"https:\/\/www.realizecanada.org\/\" target=\"_blank\" rel=\"noreferrer noopener\">Realize | R\u00e9alise<\/a><\/li>\n\n\n\n<li><a href=\"https:\/\/www.rezosante.org\/\" target=\"_blank\" rel=\"noreferrer noopener\">R\u00c9ZO (sant\u00e9 et mieux-\u00eatre des hommes gais et bisexuels, cis et trans)<\/a><\/li>\n\n\n\n<li><a href=\"https:\/\/teresagroup.ca\/\" target=\"_blank\" rel=\"noreferrer noopener\">The Teresa Group<\/a><\/li>\n<\/ul>\n","protected":false},"excerpt":{"rendered":"<p>AIDS 2022 est une occasion pour le Canada de r\u00e9affirmer son engagement dans la r\u00e9ponse mondiale contre le VIH, l\u2019h\u00e9patite C et les infections transmissibles par le sang; le Pavillon du Canada pr\u00e9sentera les obstacles rencont\u00e9es et surmont\u00e9s, ainsi que les meilleures pratiques li\u00e9es \u00e0 la pr\u00e9vention, au traitement et aux soins. Historiquement, le Pavillon [&hellip;]<\/p>\n","protected":false},"author":3,"featured_media":0,"parent":0,"menu_order":0,"comment_status":"closed","ping_status":"closed","template":"","meta":{"_acf_changed":false,"footnotes":""},"class_list":["post-876","page","type-page","status-publish","hentry"],"acf":[],"yoast_head":"<!-- This site is optimized with the Yoast SEO plugin v27.2 - https:\/\/yoast.com\/product\/yoast-seo-wordpress\/ -->\n<title>Comit\u00e9 consultatif national du Pavillon du Canada \u00e0 SIDA 2022 - SIDA Canada<\/title>\n<meta name=\"robots\" content=\"index, follow, max-snippet:-1, max-image-preview:large, max-video-preview:-1\" \/>\n<link rel=\"canonical\" href=\"https:\/\/www.aidscanada.ca\/fr\/comite-consultatif-national-du-pavillon-du-canada-a-sida-2022\/\" \/>\n<meta property=\"og:locale\" content=\"fr_FR\" \/>\n<meta property=\"og:type\" content=\"article\" \/>\n<meta property=\"og:title\" content=\"Comit\u00e9 consultatif national du Pavillon du Canada \u00e0 SIDA 2022 - SIDA Canada\" \/>\n<meta property=\"og:description\" content=\"AIDS 2022 est une occasion pour le Canada de r\u00e9affirmer son engagement dans la r\u00e9ponse mondiale contre le VIH, l\u2019h\u00e9patite C et les infections transmissibles par le sang; le Pavillon du Canada pr\u00e9sentera les obstacles rencont\u00e9es et surmont\u00e9s, ainsi que les meilleures pratiques li\u00e9es \u00e0 la pr\u00e9vention, au traitement et aux soins. Historiquement, le Pavillon [&hellip;]\" \/>\n<meta property=\"og:url\" content=\"https:\/\/www.aidscanada.ca\/fr\/comite-consultatif-national-du-pavillon-du-canada-a-sida-2022\/\" \/>\n<meta property=\"og:site_name\" content=\"SIDA Canada\" \/>\n<meta property=\"article:modified_time\" content=\"2025-02-21T17:42:54+00:00\" \/>\n<meta name=\"twitter:card\" content=\"summary_large_image\" \/>\n<meta name=\"twitter:label1\" content=\"Dur\u00e9e de lecture estim\u00e9e\" \/>\n\t<meta name=\"twitter:data1\" content=\"2 minutes\" \/>\n<script type=\"application\/ld+json\" class=\"yoast-schema-graph\">{\"@context\":\"https:\/\/schema.org\",\"@graph\":[{\"@type\":\"WebPage\",\"@id\":\"https:\/\/www.aidscanada.ca\/fr\/comite-consultatif-national-du-pavillon-du-canada-a-sida-2022\/\",\"url\":\"https:\/\/www.aidscanada.ca\/fr\/comite-consultatif-national-du-pavillon-du-canada-a-sida-2022\/\",\"name\":\"Comit\u00e9 consultatif national du Pavillon du Canada \u00e0 SIDA 2022 - SIDA Canada\",\"isPartOf\":{\"@id\":\"https:\/\/www.aidscanada.ca\/fr\/#website\"},\"datePublished\":\"2025-02-21T17:34:37+00:00\",\"dateModified\":\"2025-02-21T17:42:54+00:00\",\"breadcrumb\":{\"@id\":\"https:\/\/www.aidscanada.ca\/fr\/comite-consultatif-national-du-pavillon-du-canada-a-sida-2022\/#breadcrumb\"},\"inLanguage\":\"fr-FR\",\"potentialAction\":[{\"@type\":\"ReadAction\",\"target\":[\"https:\/\/www.aidscanada.ca\/fr\/comite-consultatif-national-du-pavillon-du-canada-a-sida-2022\/\"]}]},{\"@type\":\"BreadcrumbList\",\"@id\":\"https:\/\/www.aidscanada.ca\/fr\/comite-consultatif-national-du-pavillon-du-canada-a-sida-2022\/#breadcrumb\",\"itemListElement\":[{\"@type\":\"ListItem\",\"position\":1,\"name\":\"Accueil\",\"item\":\"https:\/\/www.aidscanada.ca\/fr\/\"},{\"@type\":\"ListItem\",\"position\":2,\"name\":\"Comit\u00e9 consultatif national du Pavillon du Canada \u00e0 SIDA 2022\"}]},{\"@type\":\"WebSite\",\"@id\":\"https:\/\/www.aidscanada.ca\/fr\/#website\",\"url\":\"https:\/\/www.aidscanada.ca\/fr\/\",\"name\":\"AIDS Canada\",\"description\":\"Empowering Communities: Leaving No One Behind\",\"publisher\":{\"@id\":\"https:\/\/www.aidscanada.ca\/fr\/#organization\"},\"potentialAction\":[{\"@type\":\"SearchAction\",\"target\":{\"@type\":\"EntryPoint\",\"urlTemplate\":\"https:\/\/www.aidscanada.ca\/fr\/?s={search_term_string}\"},\"query-input\":{\"@type\":\"PropertyValueSpecification\",\"valueRequired\":true,\"valueName\":\"search_term_string\"}}],\"inLanguage\":\"fr-FR\"},{\"@type\":\"Organization\",\"@id\":\"https:\/\/www.aidscanada.ca\/fr\/#organization\",\"name\":\"AIDS Canada\",\"url\":\"https:\/\/www.aidscanada.ca\/fr\/\",\"logo\":{\"@type\":\"ImageObject\",\"inLanguage\":\"fr-FR\",\"@id\":\"https:\/\/www.aidscanada.ca\/fr\/#\/schema\/logo\/image\/\",\"url\":\"https:\/\/www.aidscanada.ca\/wp-content\/uploads\/2025\/01\/cropped-leaf-1.png\",\"contentUrl\":\"https:\/\/www.aidscanada.ca\/wp-content\/uploads\/2025\/01\/cropped-leaf-1.png\",\"width\":512,\"height\":512,\"caption\":\"AIDS Canada\"},\"image\":{\"@id\":\"https:\/\/www.aidscanada.ca\/fr\/#\/schema\/logo\/image\/\"}}]}<\/script>\n<!-- \/ Yoast SEO plugin. -->","yoast_head_json":{"title":"Comit\u00e9 consultatif national du Pavillon du Canada \u00e0 SIDA 2022 - SIDA Canada","robots":{"index":"index","follow":"follow","max-snippet":"max-snippet:-1","max-image-preview":"max-image-preview:large","max-video-preview":"max-video-preview:-1"},"canonical":"https:\/\/www.aidscanada.ca\/fr\/comite-consultatif-national-du-pavillon-du-canada-a-sida-2022\/","og_locale":"fr_FR","og_type":"article","og_title":"Comit\u00e9 consultatif national du Pavillon du Canada \u00e0 SIDA 2022 - SIDA Canada","og_description":"AIDS 2022 est une occasion pour le Canada de r\u00e9affirmer son engagement dans la r\u00e9ponse mondiale contre le VIH, l\u2019h\u00e9patite C et les infections transmissibles par le sang; le Pavillon du Canada pr\u00e9sentera les obstacles rencont\u00e9es et surmont\u00e9s, ainsi que les meilleures pratiques li\u00e9es \u00e0 la pr\u00e9vention, au traitement et aux soins. Historiquement, le Pavillon [&hellip;]","og_url":"https:\/\/www.aidscanada.ca\/fr\/comite-consultatif-national-du-pavillon-du-canada-a-sida-2022\/","og_site_name":"SIDA Canada","article_modified_time":"2025-02-21T17:42:54+00:00","twitter_card":"summary_large_image","twitter_misc":{"Dur\u00e9e de lecture estim\u00e9e":"2 minutes"},"schema":{"@context":"https:\/\/schema.org","@graph":[{"@type":"WebPage","@id":"https:\/\/www.aidscanada.ca\/fr\/comite-consultatif-national-du-pavillon-du-canada-a-sida-2022\/","url":"https:\/\/www.aidscanada.ca\/fr\/comite-consultatif-national-du-pavillon-du-canada-a-sida-2022\/","name":"Comit\u00e9 consultatif national du Pavillon du Canada \u00e0 SIDA 2022 - SIDA Canada","isPartOf":{"@id":"https:\/\/www.aidscanada.ca\/fr\/#website"},"datePublished":"2025-02-21T17:34:37+00:00","dateModified":"2025-02-21T17:42:54+00:00","breadcrumb":{"@id":"https:\/\/www.aidscanada.ca\/fr\/comite-consultatif-national-du-pavillon-du-canada-a-sida-2022\/#breadcrumb"},"inLanguage":"fr-FR","potentialAction":[{"@type":"ReadAction","target":["https:\/\/www.aidscanada.ca\/fr\/comite-consultatif-national-du-pavillon-du-canada-a-sida-2022\/"]}]},{"@type":"BreadcrumbList","@id":"https:\/\/www.aidscanada.ca\/fr\/comite-consultatif-national-du-pavillon-du-canada-a-sida-2022\/#breadcrumb","itemListElement":[{"@type":"ListItem","position":1,"name":"Accueil","item":"https:\/\/www.aidscanada.ca\/fr\/"},{"@type":"ListItem","position":2,"name":"Comit\u00e9 consultatif national du Pavillon du Canada \u00e0 SIDA 2022"}]},{"@type":"WebSite","@id":"https:\/\/www.aidscanada.ca\/fr\/#website","url":"https:\/\/www.aidscanada.ca\/fr\/","name":"AIDS Canada","description":"Empowering Communities: Leaving No One Behind","publisher":{"@id":"https:\/\/www.aidscanada.ca\/fr\/#organization"},"potentialAction":[{"@type":"SearchAction","target":{"@type":"EntryPoint","urlTemplate":"https:\/\/www.aidscanada.ca\/fr\/?s={search_term_string}"},"query-input":{"@type":"PropertyValueSpecification","valueRequired":true,"valueName":"search_term_string"}}],"inLanguage":"fr-FR"},{"@type":"Organization","@id":"https:\/\/www.aidscanada.ca\/fr\/#organization","name":"AIDS Canada","url":"https:\/\/www.aidscanada.ca\/fr\/","logo":{"@type":"ImageObject","inLanguage":"fr-FR","@id":"https:\/\/www.aidscanada.ca\/fr\/#\/schema\/logo\/image\/","url":"https:\/\/www.aidscanada.ca\/wp-content\/uploads\/2025\/01\/cropped-leaf-1.png","contentUrl":"https:\/\/www.aidscanada.ca\/wp-content\/uploads\/2025\/01\/cropped-leaf-1.png","width":512,"height":512,"caption":"AIDS Canada"},"image":{"@id":"https:\/\/www.aidscanada.ca\/fr\/#\/schema\/logo\/image\/"}}]}},"_links":{"self":[{"href":"https:\/\/www.aidscanada.ca\/fr\/wp-json\/wp\/v2\/pages\/876","targetHints":{"allow":["GET"]}}],"collection":[{"href":"https:\/\/www.aidscanada.ca\/fr\/wp-json\/wp\/v2\/pages"}],"about":[{"href":"https:\/\/www.aidscanada.ca\/fr\/wp-json\/wp\/v2\/types\/page"}],"author":[{"embeddable":true,"href":"https:\/\/www.aidscanada.ca\/fr\/wp-json\/wp\/v2\/users\/3"}],"replies":[{"embeddable":true,"href":"https:\/\/www.aidscanada.ca\/fr\/wp-json\/wp\/v2\/comments?post=876"}],"version-history":[{"count":0,"href":"https:\/\/www.aidscanada.ca\/fr\/wp-json\/wp\/v2\/pages\/876\/revisions"}],"wp:attachment":[{"href":"https:\/\/www.aidscanada.ca\/fr\/wp-json\/wp\/v2\/media?parent=876"}],"curies":[{"name":"wp","href":"https:\/\/api.w.org\/{rel}","templated":true}]}}