{"id":898,"date":"2025-02-26T11:34:32","date_gmt":"2025-02-26T16:34:32","guid":{"rendered":"https:\/\/www.aidscanada.ca\/?page_id=898"},"modified":"2025-03-06T11:44:33","modified_gmt":"2025-03-06T16:44:33","slug":"pavillon-du-canada-a-sida-2024","status":"publish","type":"page","link":"https:\/\/www.aidscanada.ca\/fr\/pavillon-du-canada-a-sida-2024\/","title":{"rendered":"Pavillon du Canada \u00e0 SIDA 2024"},"content":{"rendered":"\n<p>La Conf\u00e9rence internationale sur le sida est la plateforme mondiale pr\u00e9vil\u00e9gi\u00e9e pour souligner les r\u00e9alisations, rappeler les succ\u00e8s et \u00e9tablir les orientations strat\u00e9giques de la r\u00e9ponse globale au VIH\/sida. La <a href=\"https:\/\/www.iasociety.org\/conferences\/aids2024\" target=\"_blank\" rel=\"noreferrer noopener\">25<sup>e<\/sup> Conf\u00e9rence internationale sur le sida, SIDA 2024<\/a>, aura lieu \u00e0 Munich, Allemagne, du 22 au 26 juillet 2024.<\/p>\n\n\n\n<p>SIDA 2024 est l\u2019occasion pour le Canada de se joindre \u00e0 l\u2019appel \u00e0 l\u2019action pour se remobiliser et suivre la science afin de d\u00e9finir les programmes de recherche de l\u2019avenir, transposer en actions les donn\u00e9es probantes les plus r\u00e9centes et tracer un nouveau consensus pour surmonter l\u2019\u00e9pid\u00e9mie en tant que menace \u00e0 la sant\u00e9 publique et au bien-\u00eatre individuel.<\/p>\n\n\n\n<p>L\u2019Association canadienne de recherche sur le VIH (ACRV) a \u00e9t\u00e9 s\u00e9lectionn\u00e9e par l\u2019Agence de la sant\u00e9 publique du Canada (ASPC) pour superviser la conception et la pr\u00e9paration et assurer le leadership du Pavillon du Canada \u00e0 SIDA 2024. Le Pavillon du Canada fera ressortir les d\u00e9fis relev\u00e9s et surmont\u00e9s ainsi que les pratiques exemplaires concernant la pr\u00e9vention, le traitement et les soins.<\/p>\n\n\n\n<p><strong>Visitez les diff\u00e9rents \u00e9l\u00e9ments du Pavillon du Canada :<\/strong><\/p>\n\n\n\n<div class=\"wp-block-buttons is-content-justification-center is-layout-flex wp-container-core-buttons-is-layout-16018d1d wp-block-buttons-is-layout-flex\">\n<div class=\"wp-block-button\"><a class=\"wp-block-button__link wp-element-button\" href=\"https:\/\/www.aidscanada.ca\/fr\/banque-de-ressources\/\">Banque de ressources<\/a><\/div>\n<\/div>\n\n\n\n<div class=\"wp-block-buttons is-content-justification-center is-layout-flex wp-container-core-buttons-is-layout-16018d1d wp-block-buttons-is-layout-flex\">\n<div class=\"wp-block-button\"><a class=\"wp-block-button__link wp-element-button\" href=\"https:\/\/www.aidscanada.ca\/wp-content\/uploads\/2025\/03\/schedule.pdf\" target=\"_blank\" rel=\"noreferrer noopener\">S\u00e9ances en direct<\/a><\/div>\n<\/div>\n\n\n\n<div class=\"wp-block-buttons is-content-justification-center is-layout-flex wp-container-core-buttons-is-layout-16018d1d wp-block-buttons-is-layout-flex\">\n<div class=\"wp-block-button\"><a class=\"wp-block-button__link wp-element-button\" href=\"https:\/\/www.aidscanada.ca\/fr\/les-canadiens-a-sida-2024\/\" target=\"_blank\" rel=\"noreferrer noopener\">Les Canadiens \u00e0 SIDA 2024<\/a><\/div>\n<\/div>\n\n\n\n<div class=\"wp-block-buttons is-content-justification-center is-layout-flex wp-container-core-buttons-is-layout-16018d1d wp-block-buttons-is-layout-flex\">\n<div class=\"wp-block-button\"><a class=\"wp-block-button__link wp-element-button\" href=\"https:\/\/www.aidscanada.ca\/fr\/quiz-de-connaissances-2024\/\">Testez vos connaissances sur le VIH<\/a><\/div>\n<\/div>\n\n\n\n<div class=\"wp-block-buttons is-content-justification-center is-layout-flex wp-container-core-buttons-is-layout-16018d1d wp-block-buttons-is-layout-flex\">\n<div class=\"wp-block-button\"><a class=\"wp-block-button__link wp-element-button\" href=\"https:\/\/www.aidscanada.ca\/fr\/comite-consultatif-national-pour-le-pavillon-du-canada-a-sida-2024\/\">Comit\u00e9 consultatif national<\/a><\/div>\n<\/div>\n\n\n\n<div class=\"wp-block-buttons is-content-justification-center is-layout-flex wp-container-core-buttons-is-layout-16018d1d wp-block-buttons-is-layout-flex\">\n<div class=\"wp-block-button\"><a class=\"wp-block-button__link wp-element-button\" href=\"https:\/\/www.aidscanada.ca\/fr\/representants-du-pavillon-2024\/\">Repr\u00e9sentants au Pavillon 2024<\/a><\/div>\n<\/div>\n\n\n\n<div class=\"wp-block-buttons is-content-justification-center is-layout-flex wp-container-core-buttons-is-layout-16018d1d wp-block-buttons-is-layout-flex\">\n<div class=\"wp-block-button\"><a class=\"wp-block-button__link wp-element-button\" href=\"https:\/\/www.aidscanada.ca\/fr\/histoires-de-reussit\/\">Histoires de r\u00e9ussit<\/a><\/div>\n<\/div>\n\n\n\n<figure class=\"wp-block-embed is-type-video is-provider-youtube wp-block-embed-youtube wp-embed-aspect-16-9 wp-has-aspect-ratio\"><div class=\"wp-block-embed__wrapper\">\n<iframe loading=\"lazy\" title=\"AIDS 2024 : message du Dre Theresa Tam\" width=\"500\" height=\"281\" src=\"https:\/\/www.youtube.com\/embed\/p6Rs53bdTE4?feature=oembed\" frameborder=\"0\" allow=\"accelerometer; autoplay; clipboard-write; encrypted-media; gyroscope; picture-in-picture; web-share\" referrerpolicy=\"strict-origin-when-cross-origin\" allowfullscreen><\/iframe>\n<\/div><\/figure>\n\n\n\n<div class=\"video-title\">\n  <div class=\"video-title-name\">Dre Theresa Tam<\/div>\n  <div class=\"video-title-location\">Administratrice en chef de la sant\u00e9 publique du Canada<\/div>\n<\/div>\n\n\n\n<figure class=\"wp-block-embed is-type-video is-provider-youtube wp-block-embed-youtube wp-embed-aspect-16-9 wp-has-aspect-ratio\"><div class=\"wp-block-embed__wrapper\">\n<iframe loading=\"lazy\" title=\"AIDS 2024 : message des ministres Holland et Saks\" width=\"500\" height=\"281\" src=\"https:\/\/www.youtube.com\/embed\/2q7BIw4D1WE?feature=oembed\" frameborder=\"0\" allow=\"accelerometer; autoplay; clipboard-write; encrypted-media; gyroscope; picture-in-picture; web-share\" referrerpolicy=\"strict-origin-when-cross-origin\" allowfullscreen><\/iframe>\n<\/div><\/figure>\n\n\n\n<div class=\"video-title\">\n  <div class=\"video-title-name\">AIDS 2024 : message des ministres Holland et Saks<\/div>\n  <div class=\"video-title-location\"><\/div>\n<\/div>\n\n\n\n<p><\/p>\n","protected":false},"excerpt":{"rendered":"<p>La Conf\u00e9rence internationale sur le sida est la plateforme mondiale pr\u00e9vil\u00e9gi\u00e9e pour souligner les r\u00e9alisations, rappeler les succ\u00e8s et \u00e9tablir les orientations strat\u00e9giques de la r\u00e9ponse globale au VIH\/sida. La 25e Conf\u00e9rence internationale sur le sida, SIDA 2024, aura lieu \u00e0 Munich, Allemagne, du 22 au 26 juillet 2024. SIDA 2024 est l\u2019occasion pour le [&hellip;]<\/p>\n","protected":false},"author":3,"featured_media":0,"parent":0,"menu_order":0,"comment_status":"closed","ping_status":"closed","template":"","meta":{"_acf_changed":false,"footnotes":""},"class_list":["post-898","page","type-page","status-publish","hentry"],"acf":[],"yoast_head":"<!-- This site is optimized with the Yoast SEO plugin v27.2 - https:\/\/yoast.com\/product\/yoast-seo-wordpress\/ -->\n<title>Pavillon du Canada \u00e0 SIDA 2024 - SIDA Canada<\/title>\n<meta name=\"robots\" content=\"index, follow, max-snippet:-1, max-image-preview:large, max-video-preview:-1\" \/>\n<link rel=\"canonical\" href=\"https:\/\/www.aidscanada.ca\/fr\/pavillon-du-canada-a-sida-2024\/\" \/>\n<meta property=\"og:locale\" content=\"fr_FR\" \/>\n<meta property=\"og:type\" content=\"article\" \/>\n<meta property=\"og:title\" content=\"Pavillon du Canada \u00e0 SIDA 2024 - SIDA Canada\" \/>\n<meta property=\"og:description\" content=\"La Conf\u00e9rence internationale sur le sida est la plateforme mondiale pr\u00e9vil\u00e9gi\u00e9e pour souligner les r\u00e9alisations, rappeler les succ\u00e8s et \u00e9tablir les orientations strat\u00e9giques de la r\u00e9ponse globale au VIH\/sida. La 25e Conf\u00e9rence internationale sur le sida, SIDA 2024, aura lieu \u00e0 Munich, Allemagne, du 22 au 26 juillet 2024. SIDA 2024 est l\u2019occasion pour le [&hellip;]\" \/>\n<meta property=\"og:url\" content=\"https:\/\/www.aidscanada.ca\/fr\/pavillon-du-canada-a-sida-2024\/\" \/>\n<meta property=\"og:site_name\" content=\"SIDA Canada\" \/>\n<meta property=\"article:modified_time\" content=\"2025-03-06T16:44:33+00:00\" \/>\n<meta name=\"twitter:card\" content=\"summary_large_image\" \/>\n<meta name=\"twitter:label1\" content=\"Dur\u00e9e de lecture estim\u00e9e\" \/>\n\t<meta name=\"twitter:data1\" content=\"1 minute\" \/>\n<script type=\"application\/ld+json\" class=\"yoast-schema-graph\">{\"@context\":\"https:\/\/schema.org\",\"@graph\":[{\"@type\":\"WebPage\",\"@id\":\"https:\/\/www.aidscanada.ca\/fr\/pavillon-du-canada-a-sida-2024\/\",\"url\":\"https:\/\/www.aidscanada.ca\/fr\/pavillon-du-canada-a-sida-2024\/\",\"name\":\"Pavillon du Canada \u00e0 SIDA 2024 - SIDA Canada\",\"isPartOf\":{\"@id\":\"https:\/\/www.aidscanada.ca\/fr\/#website\"},\"datePublished\":\"2025-02-26T16:34:32+00:00\",\"dateModified\":\"2025-03-06T16:44:33+00:00\",\"breadcrumb\":{\"@id\":\"https:\/\/www.aidscanada.ca\/fr\/pavillon-du-canada-a-sida-2024\/#breadcrumb\"},\"inLanguage\":\"fr-FR\",\"potentialAction\":[{\"@type\":\"ReadAction\",\"target\":[\"https:\/\/www.aidscanada.ca\/fr\/pavillon-du-canada-a-sida-2024\/\"]}]},{\"@type\":\"BreadcrumbList\",\"@id\":\"https:\/\/www.aidscanada.ca\/fr\/pavillon-du-canada-a-sida-2024\/#breadcrumb\",\"itemListElement\":[{\"@type\":\"ListItem\",\"position\":1,\"name\":\"Accueil\",\"item\":\"https:\/\/www.aidscanada.ca\/fr\/\"},{\"@type\":\"ListItem\",\"position\":2,\"name\":\"Pavillon du Canada \u00e0 SIDA 2024\"}]},{\"@type\":\"WebSite\",\"@id\":\"https:\/\/www.aidscanada.ca\/fr\/#website\",\"url\":\"https:\/\/www.aidscanada.ca\/fr\/\",\"name\":\"AIDS Canada\",\"description\":\"Empowering Communities: Leaving No One Behind\",\"publisher\":{\"@id\":\"https:\/\/www.aidscanada.ca\/fr\/#organization\"},\"potentialAction\":[{\"@type\":\"SearchAction\",\"target\":{\"@type\":\"EntryPoint\",\"urlTemplate\":\"https:\/\/www.aidscanada.ca\/fr\/?s={search_term_string}\"},\"query-input\":{\"@type\":\"PropertyValueSpecification\",\"valueRequired\":true,\"valueName\":\"search_term_string\"}}],\"inLanguage\":\"fr-FR\"},{\"@type\":\"Organization\",\"@id\":\"https:\/\/www.aidscanada.ca\/fr\/#organization\",\"name\":\"AIDS Canada\",\"url\":\"https:\/\/www.aidscanada.ca\/fr\/\",\"logo\":{\"@type\":\"ImageObject\",\"inLanguage\":\"fr-FR\",\"@id\":\"https:\/\/www.aidscanada.ca\/fr\/#\/schema\/logo\/image\/\",\"url\":\"https:\/\/www.aidscanada.ca\/wp-content\/uploads\/2025\/01\/cropped-leaf-1.png\",\"contentUrl\":\"https:\/\/www.aidscanada.ca\/wp-content\/uploads\/2025\/01\/cropped-leaf-1.png\",\"width\":512,\"height\":512,\"caption\":\"AIDS Canada\"},\"image\":{\"@id\":\"https:\/\/www.aidscanada.ca\/fr\/#\/schema\/logo\/image\/\"}}]}<\/script>\n<!-- \/ Yoast SEO plugin. -->","yoast_head_json":{"title":"Pavillon du Canada \u00e0 SIDA 2024 - SIDA Canada","robots":{"index":"index","follow":"follow","max-snippet":"max-snippet:-1","max-image-preview":"max-image-preview:large","max-video-preview":"max-video-preview:-1"},"canonical":"https:\/\/www.aidscanada.ca\/fr\/pavillon-du-canada-a-sida-2024\/","og_locale":"fr_FR","og_type":"article","og_title":"Pavillon du Canada \u00e0 SIDA 2024 - SIDA Canada","og_description":"La Conf\u00e9rence internationale sur le sida est la plateforme mondiale pr\u00e9vil\u00e9gi\u00e9e pour souligner les r\u00e9alisations, rappeler les succ\u00e8s et \u00e9tablir les orientations strat\u00e9giques de la r\u00e9ponse globale au VIH\/sida. La 25e Conf\u00e9rence internationale sur le sida, SIDA 2024, aura lieu \u00e0 Munich, Allemagne, du 22 au 26 juillet 2024. SIDA 2024 est l\u2019occasion pour le [&hellip;]","og_url":"https:\/\/www.aidscanada.ca\/fr\/pavillon-du-canada-a-sida-2024\/","og_site_name":"SIDA Canada","article_modified_time":"2025-03-06T16:44:33+00:00","twitter_card":"summary_large_image","twitter_misc":{"Dur\u00e9e de lecture estim\u00e9e":"1 minute"},"schema":{"@context":"https:\/\/schema.org","@graph":[{"@type":"WebPage","@id":"https:\/\/www.aidscanada.ca\/fr\/pavillon-du-canada-a-sida-2024\/","url":"https:\/\/www.aidscanada.ca\/fr\/pavillon-du-canada-a-sida-2024\/","name":"Pavillon du Canada \u00e0 SIDA 2024 - SIDA Canada","isPartOf":{"@id":"https:\/\/www.aidscanada.ca\/fr\/#website"},"datePublished":"2025-02-26T16:34:32+00:00","dateModified":"2025-03-06T16:44:33+00:00","breadcrumb":{"@id":"https:\/\/www.aidscanada.ca\/fr\/pavillon-du-canada-a-sida-2024\/#breadcrumb"},"inLanguage":"fr-FR","potentialAction":[{"@type":"ReadAction","target":["https:\/\/www.aidscanada.ca\/fr\/pavillon-du-canada-a-sida-2024\/"]}]},{"@type":"BreadcrumbList","@id":"https:\/\/www.aidscanada.ca\/fr\/pavillon-du-canada-a-sida-2024\/#breadcrumb","itemListElement":[{"@type":"ListItem","position":1,"name":"Accueil","item":"https:\/\/www.aidscanada.ca\/fr\/"},{"@type":"ListItem","position":2,"name":"Pavillon du Canada \u00e0 SIDA 2024"}]},{"@type":"WebSite","@id":"https:\/\/www.aidscanada.ca\/fr\/#website","url":"https:\/\/www.aidscanada.ca\/fr\/","name":"AIDS Canada","description":"Empowering Communities: Leaving No One Behind","publisher":{"@id":"https:\/\/www.aidscanada.ca\/fr\/#organization"},"potentialAction":[{"@type":"SearchAction","target":{"@type":"EntryPoint","urlTemplate":"https:\/\/www.aidscanada.ca\/fr\/?s={search_term_string}"},"query-input":{"@type":"PropertyValueSpecification","valueRequired":true,"valueName":"search_term_string"}}],"inLanguage":"fr-FR"},{"@type":"Organization","@id":"https:\/\/www.aidscanada.ca\/fr\/#organization","name":"AIDS Canada","url":"https:\/\/www.aidscanada.ca\/fr\/","logo":{"@type":"ImageObject","inLanguage":"fr-FR","@id":"https:\/\/www.aidscanada.ca\/fr\/#\/schema\/logo\/image\/","url":"https:\/\/www.aidscanada.ca\/wp-content\/uploads\/2025\/01\/cropped-leaf-1.png","contentUrl":"https:\/\/www.aidscanada.ca\/wp-content\/uploads\/2025\/01\/cropped-leaf-1.png","width":512,"height":512,"caption":"AIDS Canada"},"image":{"@id":"https:\/\/www.aidscanada.ca\/fr\/#\/schema\/logo\/image\/"}}]}},"_links":{"self":[{"href":"https:\/\/www.aidscanada.ca\/fr\/wp-json\/wp\/v2\/pages\/898","targetHints":{"allow":["GET"]}}],"collection":[{"href":"https:\/\/www.aidscanada.ca\/fr\/wp-json\/wp\/v2\/pages"}],"about":[{"href":"https:\/\/www.aidscanada.ca\/fr\/wp-json\/wp\/v2\/types\/page"}],"author":[{"embeddable":true,"href":"https:\/\/www.aidscanada.ca\/fr\/wp-json\/wp\/v2\/users\/3"}],"replies":[{"embeddable":true,"href":"https:\/\/www.aidscanada.ca\/fr\/wp-json\/wp\/v2\/comments?post=898"}],"version-history":[{"count":0,"href":"https:\/\/www.aidscanada.ca\/fr\/wp-json\/wp\/v2\/pages\/898\/revisions"}],"wp:attachment":[{"href":"https:\/\/www.aidscanada.ca\/fr\/wp-json\/wp\/v2\/media?parent=898"}],"curies":[{"name":"wp","href":"https:\/\/api.w.org\/{rel}","templated":true}]}}