{"id":997,"date":"2025-02-27T13:22:07","date_gmt":"2025-02-27T18:22:07","guid":{"rendered":"https:\/\/www.aidscanada.ca\/?page_id=997"},"modified":"2025-02-27T13:40:00","modified_gmt":"2025-02-27T18:40:00","slug":"representants-du-pavillon-2024","status":"publish","type":"page","link":"https:\/\/www.aidscanada.ca\/fr\/representants-du-pavillon-2024\/","title":{"rendered":"Repr\u00e9sentants du Pavillon 2024"},"content":{"rendered":"\n<p>Rencontrez les repr\u00e9sentants de 2024, qui repr\u00e9senteront le Pavillon du Canada \u00e0 la 25e Conf\u00e9rence internationale sur le sida. Ces repr\u00e9sentants seront disponibles pour r\u00e9pondre aux questions, partager leur expertise et mettre en valeur les approches innovantes et inclusives du Canada en mati\u00e8re de r\u00e9ponse au VIH. Leur implication souligne notre engagement \u00e0 responsabiliser les communaut\u00e9s et \u00e0 ne laisser personne de c\u00f4t\u00e9 dans la lutte contre le VIH\/SIDA.<\/p>\n\n\n<div class=\"person\">\n            <div class=\"person-photo\">\n            <img class=\"lazyload\" data-src=\"https:\/\/www.aidscanada.ca\/wp-content\/uploads\/2025\/02\/MathewFleury-300x300-c-center.webp\" alt=\"Mathew Fleury\">\n        <\/div>\n        <div class=\"person-details\">\n                    <h2 class=\"person-name\">Mathew Fleury<\/h2>\n                            <div class=\"person-body\">\n                <p>Mathew Fleury est n\u0113hiyawak (Cri des plaines) et, en tant que fier membre de l&rsquo;une des familles fondatrices de la nation m\u00e9tisse, il a de profondes racines dans la vall\u00e9e de la rivi\u00e8re Rouge au Manitoba. Il s\u2019appuie sur ses exp\u00e9riences v\u00e9cues, universitaires et professionnelles pour appliquer des recherches locales et des approches politiques aux enjeux touchant les peuples autochtones, notamment la r\u00e9duction des m\u00e9faits, la sant\u00e9 mentale et l\u2019accessibilit\u00e9. En tant que travailleur social autochtone, chercheur communautaire, scientifique en sant\u00e9 et \u00e9crivain ayant une exp\u00e9rience v\u00e9cue du VIH et de la consommation de substances, et en tant qu&rsquo;individu neurodivergent, queer et bispirituel, Mathew reconna\u00eet la n\u00e9cessit\u00e9 de promouvoir l&rsquo;inclusion de ceux qui ont ont \u00e9galement \u00e9t\u00e9 confront\u00e9s \u00e0 la marginalisation. Sa passion pour les droits de la personne et la culture lui a valu un nouveau nom, propos\u00e9 par les a\u00een\u00e9s de sa communaut\u00e9 : Gimewan Niimi\/kimiwan on\u00eemihitow (Rain Dancer). Apr\u00e8s des \u00e9tudes en psychologie \u00e0 l&rsquo;Universit\u00e9 Queen&rsquo;s, Mathew est dipl\u00f4m\u00e9 du programme de travail social autochtone de l&rsquo;Universit\u00e9 Laurentienne. Il a ensuite compl\u00e9t\u00e9 des \u00e9tudes en sciences mol\u00e9culaires, g\u00e9n\u00e9tiques et de la sant\u00e9 des populations \u00e0 la facult\u00e9 de m\u00e9decine d&rsquo;\u00c9dimbourg (Universit\u00e9 d&rsquo;\u00c9dimbourg) aux c\u00f4t\u00e9s du Centre collaborateur de l&rsquo;Organisation mondiale de la sant\u00e9 pour la recherche et la formation en sant\u00e9 des populations.<\/p>\n<p>En tant qu&rsquo;ancien gestionnaire de la recherche et de l&rsquo;\u00e9change de connaissances \u00e0 la R\u00e9gie de la sant\u00e9 des Premi\u00e8res Nations (FNHA), il a supervis\u00e9 l&rsquo;approche globale, la conception et la mise en \u0153uvre d&rsquo;initiatives de recherche \u00e0 moyenne et grande \u00e9chelle. Il poss\u00e8de une expertise consid\u00e9rable dans les meilleures pratiques li\u00e9es \u00e0 la mise en \u0153uvre des principes PCAP\u00ae ; engagement communautaire; la lutte contre le racisme, la s\u00e9curit\u00e9 culturelle et l&rsquo;humilit\u00e9 ; des approches tenant compte des traumatismes et de la violence ; M\u00e9thodologies de recherche autochtones ; analyse et visualisation de donn\u00e9es ; et l\u2019\u00e9change, l\u2019application et la mobilisation des connaissances. En tant que directeur des initiatives autochtones chez Providence Health Care, Mathew travaille aux c\u00f4t\u00e9s du British Columbia Centre on Substance Use, de la FNHA, de l&rsquo;Universit\u00e9 de la Colombie-Britannique (UBC) et d&rsquo;autres partenaires. Il est \u00e9galement associ\u00e9 de recherche au BC Center for Disease Control, professeur adjoint et titulaire d&rsquo;un doctorat. Candidat \u00e0 la Facult\u00e9 des sciences de la sant\u00e9 de l&rsquo;Universit\u00e9 Simon Fraser et professeur adjoint \u00e0 la Division de m\u00e9decine sociale, D\u00e9partement de m\u00e9decine, Facult\u00e9 de m\u00e9decine de l&rsquo;UBC. Mathew est \u00e9galement instructeur \u00e0 la Facult\u00e9 de la sant\u00e9 et des services sociaux du North Island College et \u00e0 l&rsquo;\u00c9cole de sant\u00e9 publique et des populations de l&rsquo;UBC.<\/p>\n<p>De plus, il est co-fondateur de l&rsquo;Institut de recherche en m\u00e9decine psych\u00e9d\u00e9lique Naut sa mawt, membre du Two-Spirit Dry Lab et consultant aupr\u00e8s du Quintessential Research Group et de Changemark Research and Evaluation. En 2024, Mathew a \u00e9t\u00e9 nomm\u00e9 pr\u00e9sident du conseil d&rsquo;administration des communaut\u00e9s, alliances et r\u00e9seaux du CAAN (anciennement le R\u00e9seau canadien autochtone du sida). Il si\u00e8ge \u00e9galement au comit\u00e9 consultatif des peuples autochtones urbains de Vancouver, au comit\u00e9 consultatif 2SLGBTQQ+ et au comit\u00e9 national 2SLGBTQQIA+, qui vise \u00e0 faire progresser le plan d&rsquo;action national MMIWG2SLGBTQQIA+.<\/p>\n\n            <\/div>\n                    <\/div>\n<\/div>\n\n\n<div class=\"person\">\n            <div class=\"person-photo\">\n            <img class=\"lazyload\" data-src=\"https:\/\/www.aidscanada.ca\/wp-content\/uploads\/2025\/02\/MartinLaurent-300x300-c-center.webp\" alt=\"Martin Laurent\">\n        <\/div>\n        <div class=\"person-details\">\n                    <h2 class=\"person-name\">Martin Laurent<\/h2>\n                            <div class=\"person-body\">\n                <p>Martin a \u00e0 son actif plus de 14 ans d\u2019exp\u00e9rience v\u00e9cue du VIH en tant qu\u2019homme blanc francophone gai cis. Il a \u00e9t\u00e9 pr\u00e9sent dans la communaut\u00e9 du VIH en tant que gestionnaire de projet, administrateur, animateur et collaborateur de recherche depuis 2014. En plus de participer \u00e0 divers comit\u00e9s consultatifs de pairs et de projets au Qu\u00e9bec et au Canada, il a travaill\u00e9 plus particuli\u00e8rement avec le PVSQ, le R\u00c9ZO, COCQ-SIDA, l\u2019OAN et CATIE. Sa priorit\u00e9 principale est la diffusion de l\u2019information, l\u2019apprentissage en ligne et les histoires inspirantes qui autonomisent r\u00e9ellement les personnes vivant avec le VIH.<\/p>\n<p>Il g\u00e8re actuellement l\u2019alliance nationale de l\u2019Institut de d\u00e9veloppement du leadership positif (IDLP) et travaille \u00e0 l\u2019implantation de ressources de r\u00e9seautage pour les dipl\u00f4m\u00e9s de l\u2019IDLP au Canada.<\/p>\n\n            <\/div>\n                    <\/div>\n<\/div>\n\n\n<div class=\"person\">\n            <div class=\"person-photo\">\n            <img class=\"lazyload\" data-src=\"https:\/\/www.aidscanada.ca\/wp-content\/uploads\/2025\/02\/DaviPang-300x300-c-center.webp\" alt=\"Davi Pang\">\n        <\/div>\n        <div class=\"person-details\">\n                    <h2 class=\"person-name\">Davi Pang<\/h2>\n                            <div class=\"person-body\">\n                <p>Avec plus de 18 ann\u00e9es de participation directe \u00e0 la communaut\u00e9 activiste de la r\u00e9gion m\u00e9tropolitaine de Vancouver, j\u2019ai consacr\u00e9 ma carri\u00e8re \u00e0 appuyer nombre de groupes divers, notamment les Canadiens d\u2019origine asiatique et les collectivit\u00e9s immigrantes, les transgenres, les travailleurs du sexe de la rue, les jeunes exploit\u00e9s sexuellement et les survivants de la violence, de sorte que je suis devenue directrice fondatrice du Sex Worker Action Network, maintenant connu comme Supporting Women&rsquo;s Alternatives Network (SWAN). Actuellement, je suis associ\u00e9e de recherche communautaire de l\u2019\u00e9tude British Columbia CARMA-CHIWOS Collaboration (BCC3), initiative financ\u00e9e par les IRSC et ax\u00e9e sur la sant\u00e9 des femmes vieillissant, dans une approche de cellule \u00e0 soci\u00e9t\u00e9. Mon exp\u00e9rience dans la mobilisation du savoir a \u00e9largi davantage mes comp\u00e9tences dans la diffusion des conclusions pr\u00e9liminaires et la participation avec les organisations communautaires et les intervenants. <a href=\"https:\/\/hivhearme.ca\/\" target=\"_blank\" rel=\"noopener\">www.hivhearme.ca<\/a><\/p>\n<p>Munie d\u2019accr\u00e9ditations en premiers soins, gestion non violente de crise, r\u00e8glement des conflits et counseling de base, j\u2019ai perfectionn\u00e9 mes comp\u00e9tences en r\u00e9flexion critique pour analyser des situations complexes et parvenir \u00e0 des solutions efficaces, qu\u2019il s\u2019agisse de naviguer dans des circonstances difficiles ou de conceptualiser des approches innovatrices \u2013 j\u2019ai plaisir \u00e0 pouvoir imprimer un impact positif. Au-del\u00e0 de mes objectifs professionnels, je trouve du plaisir dans les activit\u00e9s comme la danse, les excursions et la lecture. Le yoga me sert de pratique de base, tandis que passer du temps avec mes enfants et mon animal de compagnie m\u2019apporte un bonheur et un contentement sans limite. J\u2019ai le plaisir de repr\u00e9senter le Canada \u00e0 la Conf\u00e9rence internationale sur le sida 2024, en apportant \u00e0 la table mon point de vue sp\u00e9cifique en tant que femme de couleur, r\u00e9fugi\u00e9e et immigrante au Canada. Dot\u00e9e de comp\u00e9tences interpersonnelles exceptionnelles et d\u2019un naturel patient, il est certain que je contribuerai de fa\u00e7on appr\u00e9ciable \u00e0 cet important discours mondial.<\/p>\n\n            <\/div>\n                    <\/div>\n<\/div>\n\n\n<div class=\"person\">\n            <div class=\"person-photo\">\n            <img class=\"lazyload\" data-src=\"https:\/\/www.aidscanada.ca\/wp-content\/uploads\/2025\/02\/JulieThomas-scaled-300x300-c-center.webp\" alt=\"Julie Thomas\">\n        <\/div>\n        <div class=\"person-details\">\n                    <h2 class=\"person-name\">Julie Thomas<\/h2>\n                            <div class=\"person-body\">\n                <p>Julie Thomas est une Micmac de 44 ans de la Premi\u00e8re Nation Paqtnkek en Nouvelle-\u00c9cosse, Canada. Elle a \u00e9t\u00e9 \u00e9lev\u00e9e par un p\u00e8re monoparental et son fr\u00e8re,. Elle a trois enfants et un petit-enfant.<\/p>\n<p>&nbsp;<\/p>\n<p>Elle est gestionnaire de programme pour Healing Our Nations (HON). Healing Our Nations est le seul organisme autochtone de service dans le domaine du sida dans le Canada atlantique. HON est un programme relevant de l\u2019Union des Mi\u2019kmaq de la Nouvelle-\u00c9cosse. Healing Our Nations dessert 33 collectivit\u00e9s des Premi\u00e8res Nations dans les quatre provinces de l\u2019Atlantique et offre divers services, notamment enseignement, pr\u00e9vention et sensibilisation concernant le VIH\/sida et les autres infections transmises sexuellement ou par le sang (ITSS).<\/p>\n<p>&nbsp;<\/p>\n<p>\u00ab Nous sommes l\u00e0 pour enseigner et soutenir nos gens dans la pr\u00e9vention du VIH\/sida et des probl\u00e8mes connexes, par exemple : sexualit\u00e9 saine, infections transmises sexuellement et par le sang, h\u00e9patites A, B et C et co-infections, d\u2019une mani\u00e8re respectueuse de nos modes de vie autochtone. Nous sommes guid\u00e9s dans cette mission par les personnes que nous aidons. \u00bb<\/p>\n<p>&nbsp;<\/p>\n<p>Julie est arriv\u00e9e \u00e0 Healing Our Nations en 2005 \u00e0 titre d\u2019\u00e9tudiante du programme d\u2019\u00e9t\u00e9, en partage des co\u00fbts avec sa bande des Premi\u00e8res Nations. Apr\u00e8s avoir termin\u00e9 son placement estival chez Healing Our Nations en 2007, elle savait qu\u2019elle voulait retourner au programme HON pour terminer son placement \u00e9tudiant dans le cadre du programme d\u2019administration des affaires avec une concentration en gestion au Coll\u00e8ge communautaire de Nouvelle-\u00c9cosse. Elle savait qu\u2019il lui restait tant \u00e0 apprendre et qu\u2019elle voulait conna\u00eetre concernant le VIH et les r\u00e9percussions qu\u2019il a sur les Autochtones du Canada atlantique et dans l\u2019ensemble de Turtle Island.<\/p>\n<p>&nbsp;<\/p>\n<p>Apr\u00e8s son placement, elle a \u00e9t\u00e9 recrut\u00e9e \u00e0 titre de coordonnatrice pour l\u2019h\u00e9patite C. En 2008, elle est devenue l\u2019une des \u00e9ducatrices en sant\u00e9 communautaire et en 2013, gestionnaire du programme. Au fil des 19 ann\u00e9es depuis qu\u2019elle travaille avec Healing Our Nations, elle a pris part \u00e0 nombre de congr\u00e8s locaux, r\u00e9gionaux et nationaux pour \u00e9largir ses connaissances et approfondir sa compr\u00e9hension du VIH. Par ces perspectives d\u2019\u00e9ducation, elle a appris que sa passion pour le mouvement n\u2019\u00e9tait pas simplement une question de partage de l\u2019information pour la pr\u00e9vention du VIH, mais plut\u00f4t un partage des connaissances sur le traitement, les soins et les perspectives de soutien aupr\u00e8s des personnes qui vivent avec le VIH afin qu\u2019elles puissent relever leur qualit\u00e9 de vie et r\u00e9duire les stigmates li\u00e9s \u00e0 vivre avec le VIH\/sida.<\/p>\n<p>\u00ab Je crois fermement que l\u2019\u00e9ducation interactive culturellement pertinente est la cl\u00e9 pour pr\u00e9venir la transmission et les nouvelles infections, r\u00e9duire les stigmates et la discrimination et relever l\u2019acc\u00e8s aux traitements contre le VIH, l\u2019h\u00e9patite et les autres infections transmises sexuellement et par le sang au sein de nos communaut\u00e9s autochtones dans l\u2019ensemble du Canada atlantique. \u00bb<\/p>\n<p>\u00ab Ma voix est puissante, ma voix est forte, ma voix sera entendue et je peux parler pour ceux et celles qui estiment qu\u2019ils ne peuvent parler assez fort ou qui croient qu\u2019ils n\u2019ont pas le pouvoir d\u2019\u00eatre entendus. \u00bb<\/p>\n\n            <\/div>\n                    <\/div>\n<\/div>\n\n\n<div class=\"person\">\n            <div class=\"person-photo\">\n            <img class=\"lazyload\" data-src=\"https:\/\/www.aidscanada.ca\/wp-content\/uploads\/2025\/02\/AshaUlusow-scaled-300x300-c-center.webp\" alt=\"Asha Ulusow\">\n        <\/div>\n        <div class=\"person-details\">\n                    <h2 class=\"person-name\">Asha Ulusow<\/h2>\n                            <div class=\"person-body\">\n                <p>Asha Ulusow est une ardente d\u00e9fenseure de l\u2019\u00e9quit\u00e9 en mati\u00e8re de sant\u00e9 et de justice sociale et son int\u00e9r\u00eat est de relever les d\u00e9fis complexes auxquels font face les communaut\u00e9s marginalis\u00e9es. Elle est coordonnatrice des clients et des pairs \u00e0 Casey House, h\u00f4pital qui se sp\u00e9cialise dans les soins contre le VIH, et elle a pilot\u00e9 le d\u00e9veloppement et la mise en \u0153uvre d\u2019un programme innovateur de soutien par les pairs. Tirant parti de ses exp\u00e9riences v\u00e9cues en tant que Noire et musulmane, Asha apporte une profonde compr\u00e9hension des obstacles et des oppressions crois\u00e9es qui ont des cons\u00e9quences sur l\u2019acc\u00e8s \u00e0 des soins de sant\u00e9 \u00e9quitables. Sous son leadership, le programme des pairs de Casey House devient un mod\u00e8le pour centrer les voix marginalis\u00e9es, favoriser l\u2019autonomisation des clients et des soins culturellement r\u00e9ceptif.<\/p>\n<p>De plus, elle sert \u00e9galement comme coordonnatrice de la recherche et du leadership communautaire \u00e0 l\u2019H\u00f4pital Women&rsquo;s College, o\u00f9 elle guide les divers projets de recherche visant \u00e0 r\u00e9pondre aux besoins communautaires en premi\u00e8re ligne. L\u2019un de ces projets est le Women-Centred HIV Care Hub (carrefour de soins contre le VIH ax\u00e9 sur les femmes), initiative pionni\u00e8re visant \u00e0 mobiliser et \u00e0 \u00e9largir un mod\u00e8le de soins du VIH ax\u00e9 sur les femmes dans l\u2019ensemble du Canada. Dans le cadre de ce travail, Asha contribue \u00e0 l\u2019\u00e9laboration d\u2019interventions fond\u00e9es sur les donn\u00e9es probantes anim\u00e9es par la communaut\u00e9 et r\u00e9pondant aux besoins et aux exp\u00e9riences sp\u00e9cifiques des femmes vivant avec le VIH.<\/p>\n<p>Elle cr\u00e9e directement des plateformes et des initiatives qui font r\u00e9sonner les voix et les exp\u00e9riences des jeunes meneurs et d\u00e9fenseurs PANDC (personnes autochtones, noires et de couleur), leur permettant de devenir des facteurs de changement dans leurs communaut\u00e9s.<\/p>\n<p>Asha est active dans les domaines suivants :<\/p>\n<ul>\n<li>Animer les changements syst\u00e9miques dans les institutions de soins de sant\u00e9<\/li>\n<li>Informer les interventions inclusives fond\u00e9es sur les donn\u00e9es probantes<\/li>\n<li>Amplifier les voix des personnes marginalis\u00e9es dans l\u2019\u00e9laboration des politiques<\/li>\n<li>Promouvoir des mod\u00e8les fond\u00e9s sur les pairs et anim\u00e9s par la communaut\u00e9<\/li>\n<li>Contribuer au renforcement des capacit\u00e9s et au perfectionnement de la main-d\u2019\u0153uvre<\/li>\n<\/ul>\n\n            <\/div>\n                    <\/div>\n<\/div>\n\n\n<div class=\"person\">\n            <div class=\"person-photo\">\n            <img class=\"lazyload\" data-src=\"https:\/\/www.aidscanada.ca\/wp-content\/uploads\/2025\/02\/DeniseWozniak-300x300-c-center.webp\" alt=\"Denise Wozniak\">\n        <\/div>\n        <div class=\"person-details\">\n                    <h2 class=\"person-name\">Denise Wozniak<\/h2>\n                            <div class=\"person-body\">\n                <p>Denise Wozniak, de Vancouver (Canada) est ardente d\u00e9fenseure dans le domaine du VIH\/sida depuis 1994. Denise et sa s\u0153ur de six mois ont re\u00e7u un diagnostic de VIH\/sida, et elle a perdu sa s\u0153ur tragiquement trois mois plus tard. Cette exp\u00e9rience marquante a anim\u00e9 son engagement \u00e0 la d\u00e9fense des enfants vivant avec le VIH. Denise a fait campagne au Centre d\u2019excellence de la C.-B. et a servi aux conseils d\u2019administration de nombreuses organisations sur le VIH aux \u00e9chelons local, national et international. Elle a r\u00e9cemment apport\u00e9 des contributions importantes aux conseils consultatifs pharmaceutiques.<\/p>\n<p>\u00c0 titre de conf\u00e9renci\u00e8re professionnelle et de communicatrice reconnue, Denise est accr\u00e9dit\u00e9e comme conf\u00e9renci\u00e8re encadreur et est vers\u00e9e dans la psychologie de la r\u00e9silience, faisant d\u2019elle une repr\u00e9sentante puissante et inspirante au Pavillon du Canada pour la Conf\u00e9rence internationale sur le sida \u00e0 Munich 2024.<\/p>\n\n            <\/div>\n                    <\/div>\n<\/div>\n","protected":false},"excerpt":{"rendered":"<p>Rencontrez les repr\u00e9sentants de 2024, qui repr\u00e9senteront le Pavillon du Canada \u00e0 la 25e Conf\u00e9rence internationale sur le sida. Ces repr\u00e9sentants seront disponibles pour r\u00e9pondre aux questions, partager leur expertise et mettre en valeur les approches innovantes et inclusives du Canada en mati\u00e8re de r\u00e9ponse au VIH. Leur implication souligne notre engagement \u00e0 responsabiliser les [&hellip;]<\/p>\n","protected":false},"author":3,"featured_media":0,"parent":0,"menu_order":0,"comment_status":"closed","ping_status":"closed","template":"","meta":{"_acf_changed":true,"footnotes":""},"class_list":["post-997","page","type-page","status-publish","hentry"],"acf":[],"yoast_head":"<!-- This site is optimized with the Yoast SEO plugin v27.2 - https:\/\/yoast.com\/product\/yoast-seo-wordpress\/ -->\n<title>Repr\u00e9sentants du Pavillon 2024 - SIDA Canada<\/title>\n<meta name=\"robots\" content=\"index, follow, max-snippet:-1, max-image-preview:large, max-video-preview:-1\" \/>\n<link rel=\"canonical\" href=\"https:\/\/www.aidscanada.ca\/fr\/representants-du-pavillon-2024\/\" \/>\n<meta property=\"og:locale\" content=\"fr_FR\" \/>\n<meta property=\"og:type\" content=\"article\" \/>\n<meta property=\"og:title\" content=\"Repr\u00e9sentants du Pavillon 2024 - SIDA Canada\" \/>\n<meta property=\"og:description\" content=\"Rencontrez les repr\u00e9sentants de 2024, qui repr\u00e9senteront le Pavillon du Canada \u00e0 la 25e Conf\u00e9rence internationale sur le sida. Ces repr\u00e9sentants seront disponibles pour r\u00e9pondre aux questions, partager leur expertise et mettre en valeur les approches innovantes et inclusives du Canada en mati\u00e8re de r\u00e9ponse au VIH. Leur implication souligne notre engagement \u00e0 responsabiliser les [&hellip;]\" \/>\n<meta property=\"og:url\" content=\"https:\/\/www.aidscanada.ca\/fr\/representants-du-pavillon-2024\/\" \/>\n<meta property=\"og:site_name\" content=\"SIDA Canada\" \/>\n<meta property=\"article:modified_time\" content=\"2025-02-27T18:40:00+00:00\" \/>\n<meta name=\"twitter:card\" content=\"summary_large_image\" \/>\n<meta name=\"twitter:label1\" content=\"Dur\u00e9e de lecture estim\u00e9e\" \/>\n\t<meta name=\"twitter:data1\" content=\"1 minute\" \/>\n<script type=\"application\/ld+json\" class=\"yoast-schema-graph\">{\"@context\":\"https:\/\/schema.org\",\"@graph\":[{\"@type\":\"WebPage\",\"@id\":\"https:\/\/www.aidscanada.ca\/fr\/representants-du-pavillon-2024\/\",\"url\":\"https:\/\/www.aidscanada.ca\/fr\/representants-du-pavillon-2024\/\",\"name\":\"Repr\u00e9sentants du Pavillon 2024 - SIDA Canada\",\"isPartOf\":{\"@id\":\"https:\/\/www.aidscanada.ca\/fr\/#website\"},\"datePublished\":\"2025-02-27T18:22:07+00:00\",\"dateModified\":\"2025-02-27T18:40:00+00:00\",\"breadcrumb\":{\"@id\":\"https:\/\/www.aidscanada.ca\/fr\/representants-du-pavillon-2024\/#breadcrumb\"},\"inLanguage\":\"fr-FR\",\"potentialAction\":[{\"@type\":\"ReadAction\",\"target\":[\"https:\/\/www.aidscanada.ca\/fr\/representants-du-pavillon-2024\/\"]}]},{\"@type\":\"BreadcrumbList\",\"@id\":\"https:\/\/www.aidscanada.ca\/fr\/representants-du-pavillon-2024\/#breadcrumb\",\"itemListElement\":[{\"@type\":\"ListItem\",\"position\":1,\"name\":\"Accueil\",\"item\":\"https:\/\/www.aidscanada.ca\/fr\/\"},{\"@type\":\"ListItem\",\"position\":2,\"name\":\"Repr\u00e9sentants du Pavillon 2024\"}]},{\"@type\":\"WebSite\",\"@id\":\"https:\/\/www.aidscanada.ca\/fr\/#website\",\"url\":\"https:\/\/www.aidscanada.ca\/fr\/\",\"name\":\"AIDS Canada\",\"description\":\"Empowering Communities: Leaving No One Behind\",\"publisher\":{\"@id\":\"https:\/\/www.aidscanada.ca\/fr\/#organization\"},\"potentialAction\":[{\"@type\":\"SearchAction\",\"target\":{\"@type\":\"EntryPoint\",\"urlTemplate\":\"https:\/\/www.aidscanada.ca\/fr\/?s={search_term_string}\"},\"query-input\":{\"@type\":\"PropertyValueSpecification\",\"valueRequired\":true,\"valueName\":\"search_term_string\"}}],\"inLanguage\":\"fr-FR\"},{\"@type\":\"Organization\",\"@id\":\"https:\/\/www.aidscanada.ca\/fr\/#organization\",\"name\":\"AIDS Canada\",\"url\":\"https:\/\/www.aidscanada.ca\/fr\/\",\"logo\":{\"@type\":\"ImageObject\",\"inLanguage\":\"fr-FR\",\"@id\":\"https:\/\/www.aidscanada.ca\/fr\/#\/schema\/logo\/image\/\",\"url\":\"https:\/\/www.aidscanada.ca\/wp-content\/uploads\/2025\/01\/cropped-leaf-1.png\",\"contentUrl\":\"https:\/\/www.aidscanada.ca\/wp-content\/uploads\/2025\/01\/cropped-leaf-1.png\",\"width\":512,\"height\":512,\"caption\":\"AIDS Canada\"},\"image\":{\"@id\":\"https:\/\/www.aidscanada.ca\/fr\/#\/schema\/logo\/image\/\"}}]}<\/script>\n<!-- \/ Yoast SEO plugin. -->","yoast_head_json":{"title":"Repr\u00e9sentants du Pavillon 2024 - SIDA Canada","robots":{"index":"index","follow":"follow","max-snippet":"max-snippet:-1","max-image-preview":"max-image-preview:large","max-video-preview":"max-video-preview:-1"},"canonical":"https:\/\/www.aidscanada.ca\/fr\/representants-du-pavillon-2024\/","og_locale":"fr_FR","og_type":"article","og_title":"Repr\u00e9sentants du Pavillon 2024 - SIDA Canada","og_description":"Rencontrez les repr\u00e9sentants de 2024, qui repr\u00e9senteront le Pavillon du Canada \u00e0 la 25e Conf\u00e9rence internationale sur le sida. Ces repr\u00e9sentants seront disponibles pour r\u00e9pondre aux questions, partager leur expertise et mettre en valeur les approches innovantes et inclusives du Canada en mati\u00e8re de r\u00e9ponse au VIH. Leur implication souligne notre engagement \u00e0 responsabiliser les [&hellip;]","og_url":"https:\/\/www.aidscanada.ca\/fr\/representants-du-pavillon-2024\/","og_site_name":"SIDA Canada","article_modified_time":"2025-02-27T18:40:00+00:00","twitter_card":"summary_large_image","twitter_misc":{"Dur\u00e9e de lecture estim\u00e9e":"1 minute"},"schema":{"@context":"https:\/\/schema.org","@graph":[{"@type":"WebPage","@id":"https:\/\/www.aidscanada.ca\/fr\/representants-du-pavillon-2024\/","url":"https:\/\/www.aidscanada.ca\/fr\/representants-du-pavillon-2024\/","name":"Repr\u00e9sentants du Pavillon 2024 - SIDA Canada","isPartOf":{"@id":"https:\/\/www.aidscanada.ca\/fr\/#website"},"datePublished":"2025-02-27T18:22:07+00:00","dateModified":"2025-02-27T18:40:00+00:00","breadcrumb":{"@id":"https:\/\/www.aidscanada.ca\/fr\/representants-du-pavillon-2024\/#breadcrumb"},"inLanguage":"fr-FR","potentialAction":[{"@type":"ReadAction","target":["https:\/\/www.aidscanada.ca\/fr\/representants-du-pavillon-2024\/"]}]},{"@type":"BreadcrumbList","@id":"https:\/\/www.aidscanada.ca\/fr\/representants-du-pavillon-2024\/#breadcrumb","itemListElement":[{"@type":"ListItem","position":1,"name":"Accueil","item":"https:\/\/www.aidscanada.ca\/fr\/"},{"@type":"ListItem","position":2,"name":"Repr\u00e9sentants du Pavillon 2024"}]},{"@type":"WebSite","@id":"https:\/\/www.aidscanada.ca\/fr\/#website","url":"https:\/\/www.aidscanada.ca\/fr\/","name":"AIDS Canada","description":"Empowering Communities: Leaving No One Behind","publisher":{"@id":"https:\/\/www.aidscanada.ca\/fr\/#organization"},"potentialAction":[{"@type":"SearchAction","target":{"@type":"EntryPoint","urlTemplate":"https:\/\/www.aidscanada.ca\/fr\/?s={search_term_string}"},"query-input":{"@type":"PropertyValueSpecification","valueRequired":true,"valueName":"search_term_string"}}],"inLanguage":"fr-FR"},{"@type":"Organization","@id":"https:\/\/www.aidscanada.ca\/fr\/#organization","name":"AIDS Canada","url":"https:\/\/www.aidscanada.ca\/fr\/","logo":{"@type":"ImageObject","inLanguage":"fr-FR","@id":"https:\/\/www.aidscanada.ca\/fr\/#\/schema\/logo\/image\/","url":"https:\/\/www.aidscanada.ca\/wp-content\/uploads\/2025\/01\/cropped-leaf-1.png","contentUrl":"https:\/\/www.aidscanada.ca\/wp-content\/uploads\/2025\/01\/cropped-leaf-1.png","width":512,"height":512,"caption":"AIDS Canada"},"image":{"@id":"https:\/\/www.aidscanada.ca\/fr\/#\/schema\/logo\/image\/"}}]}},"_links":{"self":[{"href":"https:\/\/www.aidscanada.ca\/fr\/wp-json\/wp\/v2\/pages\/997","targetHints":{"allow":["GET"]}}],"collection":[{"href":"https:\/\/www.aidscanada.ca\/fr\/wp-json\/wp\/v2\/pages"}],"about":[{"href":"https:\/\/www.aidscanada.ca\/fr\/wp-json\/wp\/v2\/types\/page"}],"author":[{"embeddable":true,"href":"https:\/\/www.aidscanada.ca\/fr\/wp-json\/wp\/v2\/users\/3"}],"replies":[{"embeddable":true,"href":"https:\/\/www.aidscanada.ca\/fr\/wp-json\/wp\/v2\/comments?post=997"}],"version-history":[{"count":0,"href":"https:\/\/www.aidscanada.ca\/fr\/wp-json\/wp\/v2\/pages\/997\/revisions"}],"wp:attachment":[{"href":"https:\/\/www.aidscanada.ca\/fr\/wp-json\/wp\/v2\/media?parent=997"}],"curies":[{"name":"wp","href":"https:\/\/api.w.org\/{rel}","templated":true}]}}